{"id":12581,"date":"2025-01-10T14:10:45","date_gmt":"2025-01-10T14:10:45","guid":{"rendered":"https:\/\/www.touaregtrails.com\/product\/7-days-moroccan-desert-trip-from-marrakech\/"},"modified":"2025-12-14T12:44:49","modified_gmt":"2025-12-14T12:44:49","slug":"tour-di-7-giorni-nel-deserto-del-marocco-da-marrakech","status":"publish","type":"product","link":"https:\/\/www.touaregtrails.com\/it\/prodotto\/tour-di-7-giorni-nel-deserto-del-marocco-da-marrakech\/","title":{"rendered":"Tour di 7 Giorni nel Deserto del Marocco da Marrakech"},"content":{"rendered":"<h2>Panoramica<\/h2>\n<p>Il nostro tour di 7 giorni da Marrakech vi permetter\u00e0 di immergervi nella zona pi\u00f9 magnifica del deserto del Sahara marocchino, attraversando antiche citt\u00e0, gole di montagna e valli, ammirando i contrasti e le diverse culture che caratterizzano i suoi numerosi paesaggi.<\/p>\n<p>Il pacchetto vacanza di 7 giorni da Marrakech al deserto di Merzouga \u00e8 un modo fantastico per viaggiare indietro nel tempo e scoprire l&#8217;affascinante storia del paese. I partecipanti visiteranno imperi urbani caratterizzati da medine medievali, mura e vicoli tortuosi e labirintici.<\/p>\n<h2>Punti salienti di un tour di 7 giorni da Marrakech:<\/h2>\n<ul>\n<li>Magnifiche viste sui paesaggi dell&#8217;Atlante.<\/li>\n<li>Visita gli studi cinematografici di Ouarzazate e la Kasbah di Ait Ben Haddou.<\/li>\n<li>Visita la Valle delle Rose e la Valle del Dades.<\/li>\n<li>Trascorri la notte nel cuore delle splendide gole del Dades.<\/li>\n<li>Vivi un&#8217;esperienza unica: un giro in cammello nel Sahara di Merzouga.<\/li>\n<li>Vista panoramica sulle dune di Erg Chebbi.<\/li>\n<li>Goditi il \u200b\u200btramonto sulle dune di sabbia.<\/li>\n<li>Pernottamento al Merzouga Desert Camp.<\/li>\n<li>Una cena abbondante e una festa attorno al fuoco (con tamburi berberi).<\/li>\n<\/ul>\n<h2>Ulteriori informazioni sul nostro tour di 7 giorni da Marrakech:<\/h2>\n<ul>\n<li>Su richiesta, sono disponibili opzioni vegetariane.<\/li>\n<li>\u00c8 possibile includere escursioni in quad o escursioni giornaliere a Marrakech come extra.<\/li>\n<li>Invece di cavalcare un cammello, \u00e8 possibile raggiungere l&#8217;accampamento nel deserto in auto.<\/li>\n<li>I bambini devono essere accompagnati da un adulto.<\/li>\n<li>Potete semplicemente chiedere all&#8217;autista se desiderate saltare alcune delle attrazioni e trascorrere pi\u00f9 tempo altrove.<\/li>\n<\/ul>\n<h2>Nota:<\/h2>\n<p>Se desiderate modificare qualcosa di questo viaggio, comunicateci le vostre idee e i vostri programmi di viaggio e noi elaboreremo un programma simile o alternativo che soddisfi le vostre esigenze. Per ulteriori informazioni, non esitate a contattarci.<\/p>\n<h2>Assicurazione di viaggio:<\/h2>\n<p>A rischio di sembrare come i tuoi genitori, acquista un\u2019assicurazione di viaggio prima di partire. \u00c8 una di quelle cose di cui non puoi fare a meno. A seconda del tuo stile di viaggio, ti consigliamo\u00a0<a href=\"https:\/\/www.worldnomads.com\/\"> <strong>World Nomads<\/strong><\/a> Or <a href=\"https:\/\/safetywing.com\/\"> <strong>Safety Wing<\/strong><\/a>.<\/p>\n<p>Prima di partire per un viaggio, il cliente dovrebbe stipulare un\u2019assicurazione personale con un assicuratore affidabile che copra lesioni personali, spese mediche, spese di rimpatrio, smarrimento del bagaglio e penali per l\u2019annullamento del viaggio.<\/p>\n<h2>Deposito e pagamento:<\/h2>\n<p>Per prenotare il tuo tour di 4 giorni nel deserto, richiediamo un acconto tramite PayPal o bonifico bancario, con il saldo da versare in contanti al tuo arrivo. Siamo completamente flessibili nell\u2019organizzare il tuo viaggio personalizzato in base alle tue preferenze di viaggio e al tuo budget.<\/p>\n<h3>Contanti o carte di credito:<\/h3>\n<p>Accettiamo contanti in euro (\u20ac), sterline ( \u00a3), dollari statunitensi ($) o dirham locali (MAD) per il saldo del viaggio di tre giorni nel deserto. Ti consigliamo di pagare in contanti alla tua guida il primo giorno del tour. Se non vuoi portare con te molti contanti, ti proponiamo di pagare con carta di credito o Mastercard, ma \u00e8 prevista una commissione del 6%.<\/p>\n<h2>Politica di cancellazione:<\/h2>\n<div class=\"elementor-element elementor-element-ba3d90c elementor-widget elementor-widget-ovabrw_product_content\" data-id=\"ba3d90c\" data-element_type=\"widget\" data-widget_type=\"ovabrw_product_content.default\">\n<div class=\"elementor-widget-container\">\n<div class=\"elementor-ovabrw-product-content\">\n<div id=\"tour-description\" class=\"content-product-item tour-description\">\n<p>\u00c8 possibile cancellare gratuitamente il tour di tre giorni se ci avvisa una settimana prima dell\u2019inizio del tour. \u00c8 sufficiente comunicarci la cancellazione via e-mail e provvederemo a rimborsarle l\u2019intero importo. Inoltre, se desidera posticipare il viaggio a una data successiva.<\/p>\n<\/div>\n<\/div>\n<\/div>\n<\/div>\n","protected":false},"excerpt":{"rendered":"<p>Immergiti nella bellezza del Marocco con un viaggio di 7 giorni da Marrakech. Esplora il deserto del Sahara, visita antiche kasbah, fai un giro in cammello e scopri la ricca cultura e i paesaggi variegati di questo incantevole paese.<\/p>\n","protected":false},"featured_media":13689,"comment_status":"open","ping_status":"closed","template":"","meta":[],"product_brand":[],"product_cat":[94,100],"product_tag":[],"class_list":{"0":"post-12581","1":"product","2":"type-product","3":"status-publish","4":"has-post-thumbnail","6":"product_cat-family-vacation-2-it","7":"product_cat-marrakech-2-it","9":"first","10":"instock","11":"shipping-taxable","12":"purchasable","13":"product-type-ovabrw_car_rental"},"yoast_head":"<!-- This site is optimized with the Yoast SEO Premium plugin v24.0 (Yoast SEO v25.9) - https:\/\/yoast.com\/wordpress\/plugins\/seo\/ -->\n<title>Tour di 7 Giorni nel Deserto del Marocco da Marrakech - Touareg Trails<\/title>\n<meta name=\"robots\" content=\"index, follow, max-snippet:-1, max-image-preview:large, max-video-preview:-1\" \/>\n<link rel=\"canonical\" href=\"https:\/\/www.touaregtrails.com\/it\/prodotto\/tour-di-7-giorni-nel-deserto-del-marocco-da-marrakech\/\" \/>\n<meta property=\"og:locale\" content=\"it_IT\" \/>\n<meta property=\"og:type\" content=\"article\" \/>\n<meta property=\"og:title\" content=\"Tour di 7 Giorni nel Deserto del Marocco da Marrakech\" \/>\n<meta property=\"og:description\" content=\"Immergiti nella bellezza del Marocco con un viaggio di 7 giorni da Marrakech. Esplora il deserto del Sahara, visita antiche kasbah, fai un giro in cammello e scopri la ricca cultura e i paesaggi variegati di questo incantevole paese.\" \/>\n<meta property=\"og:url\" content=\"https:\/\/www.touaregtrails.com\/it\/prodotto\/tour-di-7-giorni-nel-deserto-del-marocco-da-marrakech\/\" \/>\n<meta property=\"og:site_name\" content=\"Touareg Trails\" \/>\n<meta property=\"article:modified_time\" content=\"2025-12-14T12:44:49+00:00\" \/>\n<meta property=\"og:image\" content=\"https:\/\/www.touaregtrails.com\/wp-content\/uploads\/2025\/01\/sz.webp\" \/>\n\t<meta property=\"og:image:width\" content=\"2400\" \/>\n\t<meta property=\"og:image:height\" content=\"1350\" \/>\n\t<meta property=\"og:image:type\" content=\"image\/webp\" \/>\n<meta name=\"twitter:card\" content=\"summary_large_image\" \/>\n<meta name=\"twitter:label1\" content=\"Tempo di lettura stimato\" \/>\n\t<meta name=\"twitter:data1\" content=\"3 minuti\" \/>\n<script type=\"application\/ld+json\" class=\"yoast-schema-graph\">{\"@context\":\"https:\/\/schema.org\",\"@graph\":[{\"@type\":\"WebPage\",\"@id\":\"https:\/\/www.touaregtrails.com\/it\/prodotto\/tour-di-7-giorni-nel-deserto-del-marocco-da-marrakech\/\",\"url\":\"https:\/\/www.touaregtrails.com\/it\/prodotto\/tour-di-7-giorni-nel-deserto-del-marocco-da-marrakech\/\",\"name\":\"Tour di 7 Giorni nel Deserto del Marocco da Marrakech - Touareg Trails\",\"isPartOf\":{\"@id\":\"https:\/\/www.touaregtrails.com\/#website\"},\"primaryImageOfPage\":{\"@id\":\"https:\/\/www.touaregtrails.com\/it\/prodotto\/tour-di-7-giorni-nel-deserto-del-marocco-da-marrakech\/#primaryimage\"},\"image\":{\"@id\":\"https:\/\/www.touaregtrails.com\/it\/prodotto\/tour-di-7-giorni-nel-deserto-del-marocco-da-marrakech\/#primaryimage\"},\"thumbnailUrl\":\"https:\/\/www.touaregtrails.com\/wp-content\/uploads\/2025\/01\/tony-mclachlan-8jqbFt0ez2E-unsplash-scaled.jpg\",\"datePublished\":\"2025-01-10T14:10:45+00:00\",\"dateModified\":\"2025-12-14T12:44:49+00:00\",\"breadcrumb\":{\"@id\":\"https:\/\/www.touaregtrails.com\/it\/prodotto\/tour-di-7-giorni-nel-deserto-del-marocco-da-marrakech\/#breadcrumb\"},\"inLanguage\":\"it-IT\",\"potentialAction\":[{\"@type\":\"ReadAction\",\"target\":[\"https:\/\/www.touaregtrails.com\/it\/prodotto\/tour-di-7-giorni-nel-deserto-del-marocco-da-marrakech\/\"]}]},{\"@type\":\"ImageObject\",\"inLanguage\":\"it-IT\",\"@id\":\"https:\/\/www.touaregtrails.com\/it\/prodotto\/tour-di-7-giorni-nel-deserto-del-marocco-da-marrakech\/#primaryimage\",\"url\":\"https:\/\/www.touaregtrails.com\/wp-content\/uploads\/2025\/01\/tony-mclachlan-8jqbFt0ez2E-unsplash-scaled.jpg\",\"contentUrl\":\"https:\/\/www.touaregtrails.com\/wp-content\/uploads\/2025\/01\/tony-mclachlan-8jqbFt0ez2E-unsplash-scaled.jpg\",\"width\":2560,\"height\":1700},{\"@type\":\"BreadcrumbList\",\"@id\":\"https:\/\/www.touaregtrails.com\/it\/prodotto\/tour-di-7-giorni-nel-deserto-del-marocco-da-marrakech\/#breadcrumb\",\"itemListElement\":[{\"@type\":\"ListItem\",\"position\":1,\"name\":\"Home\",\"item\":\"https:\/\/www.touaregtrails.com\/it\/touareg-trails\/\"},{\"@type\":\"ListItem\",\"position\":2,\"name\":\"Shop\",\"item\":\"https:\/\/www.touaregtrails.com\/en\/shop\/\"},{\"@type\":\"ListItem\",\"position\":3,\"name\":\"Tour di 7 Giorni nel Deserto del Marocco da Marrakech\"}]},{\"@type\":\"WebSite\",\"@id\":\"https:\/\/www.touaregtrails.com\/#website\",\"url\":\"https:\/\/www.touaregtrails.com\/\",\"name\":\"Touareg Trails\",\"description\":\"\",\"potentialAction\":[{\"@type\":\"SearchAction\",\"target\":{\"@type\":\"EntryPoint\",\"urlTemplate\":\"https:\/\/www.touaregtrails.com\/?s={search_term_string}\"},\"query-input\":{\"@type\":\"PropertyValueSpecification\",\"valueRequired\":true,\"valueName\":\"search_term_string\"}}],\"inLanguage\":\"it-IT\"}]}<\/script>\n<!-- \/ Yoast SEO Premium plugin. -->","yoast_head_json":{"title":"Tour di 7 Giorni nel Deserto del Marocco da Marrakech - Touareg Trails","robots":{"index":"index","follow":"follow","max-snippet":"max-snippet:-1","max-image-preview":"max-image-preview:large","max-video-preview":"max-video-preview:-1"},"canonical":"https:\/\/www.touaregtrails.com\/it\/prodotto\/tour-di-7-giorni-nel-deserto-del-marocco-da-marrakech\/","og_locale":"it_IT","og_type":"article","og_title":"Tour di 7 Giorni nel Deserto del Marocco da Marrakech","og_description":"Immergiti nella bellezza del Marocco con un viaggio di 7 giorni da Marrakech. Esplora il deserto del Sahara, visita antiche kasbah, fai un giro in cammello e scopri la ricca cultura e i paesaggi variegati di questo incantevole paese.","og_url":"https:\/\/www.touaregtrails.com\/it\/prodotto\/tour-di-7-giorni-nel-deserto-del-marocco-da-marrakech\/","og_site_name":"Touareg Trails","article_modified_time":"2025-12-14T12:44:49+00:00","og_image":[{"width":2400,"height":1350,"url":"https:\/\/www.touaregtrails.com\/wp-content\/uploads\/2025\/01\/sz.webp","type":"image\/webp"}],"twitter_card":"summary_large_image","twitter_misc":{"Tempo di lettura stimato":"3 minuti"},"schema":{"@context":"https:\/\/schema.org","@graph":[{"@type":"WebPage","@id":"https:\/\/www.touaregtrails.com\/it\/prodotto\/tour-di-7-giorni-nel-deserto-del-marocco-da-marrakech\/","url":"https:\/\/www.touaregtrails.com\/it\/prodotto\/tour-di-7-giorni-nel-deserto-del-marocco-da-marrakech\/","name":"Tour di 7 Giorni nel Deserto del Marocco da Marrakech - Touareg Trails","isPartOf":{"@id":"https:\/\/www.touaregtrails.com\/#website"},"primaryImageOfPage":{"@id":"https:\/\/www.touaregtrails.com\/it\/prodotto\/tour-di-7-giorni-nel-deserto-del-marocco-da-marrakech\/#primaryimage"},"image":{"@id":"https:\/\/www.touaregtrails.com\/it\/prodotto\/tour-di-7-giorni-nel-deserto-del-marocco-da-marrakech\/#primaryimage"},"thumbnailUrl":"https:\/\/www.touaregtrails.com\/wp-content\/uploads\/2025\/01\/tony-mclachlan-8jqbFt0ez2E-unsplash-scaled.jpg","datePublished":"2025-01-10T14:10:45+00:00","dateModified":"2025-12-14T12:44:49+00:00","breadcrumb":{"@id":"https:\/\/www.touaregtrails.com\/it\/prodotto\/tour-di-7-giorni-nel-deserto-del-marocco-da-marrakech\/#breadcrumb"},"inLanguage":"it-IT","potentialAction":[{"@type":"ReadAction","target":["https:\/\/www.touaregtrails.com\/it\/prodotto\/tour-di-7-giorni-nel-deserto-del-marocco-da-marrakech\/"]}]},{"@type":"ImageObject","inLanguage":"it-IT","@id":"https:\/\/www.touaregtrails.com\/it\/prodotto\/tour-di-7-giorni-nel-deserto-del-marocco-da-marrakech\/#primaryimage","url":"https:\/\/www.touaregtrails.com\/wp-content\/uploads\/2025\/01\/tony-mclachlan-8jqbFt0ez2E-unsplash-scaled.jpg","contentUrl":"https:\/\/www.touaregtrails.com\/wp-content\/uploads\/2025\/01\/tony-mclachlan-8jqbFt0ez2E-unsplash-scaled.jpg","width":2560,"height":1700},{"@type":"BreadcrumbList","@id":"https:\/\/www.touaregtrails.com\/it\/prodotto\/tour-di-7-giorni-nel-deserto-del-marocco-da-marrakech\/#breadcrumb","itemListElement":[{"@type":"ListItem","position":1,"name":"Home","item":"https:\/\/www.touaregtrails.com\/it\/touareg-trails\/"},{"@type":"ListItem","position":2,"name":"Shop","item":"https:\/\/www.touaregtrails.com\/en\/shop\/"},{"@type":"ListItem","position":3,"name":"Tour di 7 Giorni nel Deserto del Marocco da Marrakech"}]},{"@type":"WebSite","@id":"https:\/\/www.touaregtrails.com\/#website","url":"https:\/\/www.touaregtrails.com\/","name":"Touareg Trails","description":"","potentialAction":[{"@type":"SearchAction","target":{"@type":"EntryPoint","urlTemplate":"https:\/\/www.touaregtrails.com\/?s={search_term_string}"},"query-input":{"@type":"PropertyValueSpecification","valueRequired":true,"valueName":"search_term_string"}}],"inLanguage":"it-IT"}]}},"_links":{"self":[{"href":"https:\/\/www.touaregtrails.com\/it\/wp-json\/wp\/v2\/product\/12581","targetHints":{"allow":["GET"]}}],"collection":[{"href":"https:\/\/www.touaregtrails.com\/it\/wp-json\/wp\/v2\/product"}],"about":[{"href":"https:\/\/www.touaregtrails.com\/it\/wp-json\/wp\/v2\/types\/product"}],"replies":[{"embeddable":true,"href":"https:\/\/www.touaregtrails.com\/it\/wp-json\/wp\/v2\/comments?post=12581"}],"version-history":[{"count":2,"href":"https:\/\/www.touaregtrails.com\/it\/wp-json\/wp\/v2\/product\/12581\/revisions"}],"predecessor-version":[{"id":12590,"href":"https:\/\/www.touaregtrails.com\/it\/wp-json\/wp\/v2\/product\/12581\/revisions\/12590"}],"wp:featuredmedia":[{"embeddable":true,"href":"https:\/\/www.touaregtrails.com\/it\/wp-json\/wp\/v2\/media\/13689"}],"wp:attachment":[{"href":"https:\/\/www.touaregtrails.com\/it\/wp-json\/wp\/v2\/media?parent=12581"}],"wp:term":[{"taxonomy":"product_brand","embeddable":true,"href":"https:\/\/www.touaregtrails.com\/it\/wp-json\/wp\/v2\/product_brand?post=12581"},{"taxonomy":"product_cat","embeddable":true,"href":"https:\/\/www.touaregtrails.com\/it\/wp-json\/wp\/v2\/product_cat?post=12581"},{"taxonomy":"product_tag","embeddable":true,"href":"https:\/\/www.touaregtrails.com\/it\/wp-json\/wp\/v2\/product_tag?post=12581"}],"curies":[{"name":"wp","href":"https:\/\/api.w.org\/{rel}","templated":true}]}}