{"id":12551,"date":"2025-01-10T18:13:23","date_gmt":"2025-01-10T18:13:23","guid":{"rendered":"https:\/\/www.touaregtrails.com\/product\/desert-tour-from-casablanca-10-days\/"},"modified":"2025-06-26T22:15:10","modified_gmt":"2025-06-26T22:15:10","slug":"tour-nel-deserto-da-casablanca-10-giorni","status":"publish","type":"product","link":"https:\/\/www.touaregtrails.com\/it\/prodotto\/tour-nel-deserto-da-casablanca-10-giorni\/","title":{"rendered":"Tour nel Deserto da Casablanca \u2013 10 Giorni"},"content":{"rendered":"<h2>Panoramica<\/h2>\n<p>L&#8217;itinerario privato di 10 giorni in Marocco da Casablanca \u00e8 pensato per offrirti una panoramica completa di alcune delle attrazioni pi\u00f9 affascinanti del Marocco. Il viaggio ti porter\u00e0 a Casablanca, la capitale economica del Marocco, cos\u00ec come alle Citt\u00e0 Imperiali e al deserto del Sahara.<\/p>\n<p>Parti per un&#8217;avventura che include attivit\u00e0 uniche come tour a piedi, trekking in cammello, incontri con la gente del posto, intrattenimento e molto altro. Il tour &#8220;Assapora il Marocco&#8221; inizier\u00e0 a Casablanca, ma potrebbe iniziare in qualsiasi parte del Marocco.<\/p>\n<h2>Itinerario di 10 giorni in Marocco da Casablanca Punti salienti:<\/h2>\n<ul>\n<li>Visita la Torre di Hassan di Rabat.<\/li>\n<li>Goditi la storica Medina di Fes.<\/li>\n<li>Incontra le scimmie bertucce nella foresta di cedri di Azrou.<\/li>\n<li>Vista panoramica sulle dune di Erg Chebbi.<\/li>\n<li>Goditi il \u200b\u200btramonto sulle dune di sabbia.<\/li>\n<li>Vivi un&#8217;escursione in cammello nel Sahara di Merzouga.<\/li>\n<li>Pernottamento al Merzouga Desert Camp.<\/li>\n<li>Una cena abbondante e una festa attorno al fuoco (con tamburi berberi).<\/li>\n<li>Scopri la Valle delle Rose e le Gole del Dades.<\/li>\n<li>Visita l&#8217;Atlas Studio e la Kasbah di Taourirt a Ouarzazate.<\/li>\n<li>Visita la Kasbah di Ait Ben Haddou, patrimonio mondiale dell&#8217;UNESCO.<\/li>\n<li>Panorami mozzafiato sui paesaggi dell&#8217;Atlante.<\/li>\n<\/ul>\n<h2>Informazioni sul nostro itinerario di 10 giorni in Marocco da Casablanca:<\/h2>\n<ul>\n<li>Su richiesta, sono disponibili opzioni vegetariane.<\/li>\n<li>\u00c8 possibile includere escursioni in quad o escursioni giornaliere a Marrakech come extra.<\/li>\n<li>Invece di cavalcare un cammello, \u00e8 possibile raggiungere l&#8217;accampamento nel deserto in auto.<\/li>\n<li>I bambini devono essere accompagnati da un adulto.<\/li>\n<li>Potete semplicemente chiedere all&#8217;autista se desiderate saltare alcune delle attrazioni e trascorrere pi\u00f9 tempo altrove.<\/li>\n<\/ul>\n<h2>Nota:<\/h2>\n<p>Se desiderate modificare qualcosa di questo viaggio, comunicateci le vostre idee e i vostri programmi di viaggio e noi elaboreremo un programma simile o alternativo che soddisfi le vostre esigenze. Per ulteriori informazioni, non esitate a contattarci.<\/p>\n<h2>Assicurazione di viaggio:<\/h2>\n<p>A rischio di sembrare come i tuoi genitori, acquista un\u2019assicurazione di viaggio prima di partire. \u00c8 una di quelle cose di cui non puoi fare a meno. A seconda del tuo stile di viaggio, ti consigliamo <a href=\"https:\/\/www.worldnomads.com\/\"> <strong>World Nomads<\/strong><\/a> Or <a href=\"https:\/\/safetywing.com\/\"> <strong>Safety Wing<\/strong><\/a>.<\/p>\n<p>Prima di partire per un viaggio, il cliente dovrebbe stipulare un\u2019assicurazione personale con un assicuratore affidabile che copra lesioni personali, spese mediche, spese di rimpatrio, smarrimento del bagaglio e penali per l\u2019annullamento del viaggio.<\/p>\n<h2>Deposito e pagamento:<\/h2>\n<p>Per prenotare il tuo tour di 4 giorni nel deserto, richiediamo un acconto tramite PayPal o bonifico bancario, con il saldo da versare in contanti al tuo arrivo. Siamo completamente flessibili nell\u2019organizzare il tuo viaggio personalizzato in base alle tue preferenze di viaggio e al tuo budget.<\/p>\n<h3>Contanti o carte di credito:<\/h3>\n<p>Accettiamo contanti in euro (\u20ac), sterline ( \u00a3), dollari statunitensi ($) o dirham locali (MAD) per il saldo del viaggio di tre giorni nel deserto. Ti consigliamo di pagare in contanti alla tua guida il primo giorno del tour. Se non vuoi portare con te molti contanti, ti proponiamo di pagare con carta di credito o Mastercard, ma \u00e8 prevista una commissione del 6%.<\/p>\n<h2>Politica di cancellazione:<\/h2>\n<p>Puoi annullare gratuitamente il tuo tour di tre giorni se ci informi una settimana prima dell&#8217;inizio del tour. Comunicaci semplicemente la tua cancellazione via email e ti rimborseremo l&#8217;intero importo. Puoi anche decidere di posticipare il tuo viaggio a una data successiva.<\/p>\n","protected":false},"excerpt":{"rendered":"<p>Parti per un&#8217;avventura di 10 giorni da Casablanca, alla scoperta degli splendidi deserti, delle antiche citt\u00e0 e della vivace cultura del Marocco. Goditi escursioni in cammello, accampamenti nel deserto e paesaggi indimenticabili lungo il percorso.<\/p>\n","protected":false},"featured_media":12556,"comment_status":"open","ping_status":"closed","template":"","meta":[],"product_brand":[],"product_cat":[99,94],"product_tag":[],"class_list":{"0":"post-12551","1":"product","2":"type-product","3":"status-publish","4":"has-post-thumbnail","6":"product_cat-casablanca-2-it","7":"product_cat-family-vacation-2-it","9":"first","10":"instock","11":"featured","12":"shipping-taxable","13":"product-type-ovabrw_car_rental"},"yoast_head":"<!-- This site is optimized with the Yoast SEO Premium plugin v24.0 (Yoast SEO v25.9) - https:\/\/yoast.com\/wordpress\/plugins\/seo\/ -->\n<title>Tour nel Deserto da Casablanca \u2013 10 Giorni - Touareg Trails<\/title>\n<meta name=\"robots\" content=\"index, follow, max-snippet:-1, max-image-preview:large, max-video-preview:-1\" \/>\n<link rel=\"canonical\" href=\"https:\/\/www.touaregtrails.com\/it\/prodotto\/tour-nel-deserto-da-casablanca-10-giorni\/\" \/>\n<meta property=\"og:locale\" content=\"it_IT\" \/>\n<meta property=\"og:type\" content=\"article\" \/>\n<meta property=\"og:title\" content=\"Tour nel Deserto da Casablanca \u2013 10 Giorni\" \/>\n<meta property=\"og:description\" content=\"Parti per un&#039;avventura di 10 giorni da Casablanca, alla scoperta degli splendidi deserti, delle antiche citt\u00e0 e della vivace cultura del Marocco. Goditi escursioni in cammello, accampamenti nel deserto e paesaggi indimenticabili lungo il percorso.\" \/>\n<meta property=\"og:url\" content=\"https:\/\/www.touaregtrails.com\/it\/prodotto\/tour-nel-deserto-da-casablanca-10-giorni\/\" \/>\n<meta property=\"og:site_name\" content=\"Touareg Trails\" \/>\n<meta property=\"article:modified_time\" content=\"2025-06-26T22:15:10+00:00\" \/>\n<meta property=\"og:image\" content=\"https:\/\/www.touaregtrails.com\/wp-content\/uploads\/2025\/01\/5-2.webp\" \/>\n\t<meta property=\"og:image:width\" content=\"2400\" \/>\n\t<meta property=\"og:image:height\" content=\"1350\" \/>\n\t<meta property=\"og:image:type\" content=\"image\/webp\" \/>\n<meta name=\"twitter:card\" content=\"summary_large_image\" \/>\n<meta name=\"twitter:label1\" content=\"Tempo di lettura stimato\" \/>\n\t<meta name=\"twitter:data1\" content=\"3 minuti\" \/>\n<script type=\"application\/ld+json\" class=\"yoast-schema-graph\">{\"@context\":\"https:\/\/schema.org\",\"@graph\":[{\"@type\":\"WebPage\",\"@id\":\"https:\/\/www.touaregtrails.com\/it\/prodotto\/tour-nel-deserto-da-casablanca-10-giorni\/\",\"url\":\"https:\/\/www.touaregtrails.com\/it\/prodotto\/tour-nel-deserto-da-casablanca-10-giorni\/\",\"name\":\"Tour nel Deserto da Casablanca \u2013 10 Giorni - Touareg Trails\",\"isPartOf\":{\"@id\":\"https:\/\/www.touaregtrails.com\/#website\"},\"primaryImageOfPage\":{\"@id\":\"https:\/\/www.touaregtrails.com\/it\/prodotto\/tour-nel-deserto-da-casablanca-10-giorni\/#primaryimage\"},\"image\":{\"@id\":\"https:\/\/www.touaregtrails.com\/it\/prodotto\/tour-nel-deserto-da-casablanca-10-giorni\/#primaryimage\"},\"thumbnailUrl\":\"https:\/\/www.touaregtrails.com\/wp-content\/uploads\/2025\/01\/5-2.webp\",\"datePublished\":\"2025-01-10T18:13:23+00:00\",\"dateModified\":\"2025-06-26T22:15:10+00:00\",\"breadcrumb\":{\"@id\":\"https:\/\/www.touaregtrails.com\/it\/prodotto\/tour-nel-deserto-da-casablanca-10-giorni\/#breadcrumb\"},\"inLanguage\":\"it-IT\",\"potentialAction\":[{\"@type\":\"ReadAction\",\"target\":[\"https:\/\/www.touaregtrails.com\/it\/prodotto\/tour-nel-deserto-da-casablanca-10-giorni\/\"]}]},{\"@type\":\"ImageObject\",\"inLanguage\":\"it-IT\",\"@id\":\"https:\/\/www.touaregtrails.com\/it\/prodotto\/tour-nel-deserto-da-casablanca-10-giorni\/#primaryimage\",\"url\":\"https:\/\/www.touaregtrails.com\/wp-content\/uploads\/2025\/01\/5-2.webp\",\"contentUrl\":\"https:\/\/www.touaregtrails.com\/wp-content\/uploads\/2025\/01\/5-2.webp\",\"width\":2400,\"height\":1350},{\"@type\":\"BreadcrumbList\",\"@id\":\"https:\/\/www.touaregtrails.com\/it\/prodotto\/tour-nel-deserto-da-casablanca-10-giorni\/#breadcrumb\",\"itemListElement\":[{\"@type\":\"ListItem\",\"position\":1,\"name\":\"Home\",\"item\":\"https:\/\/www.touaregtrails.com\/it\/touareg-trails\/\"},{\"@type\":\"ListItem\",\"position\":2,\"name\":\"Shop\",\"item\":\"https:\/\/www.touaregtrails.com\/en\/shop\/\"},{\"@type\":\"ListItem\",\"position\":3,\"name\":\"Tour nel Deserto da Casablanca \u2013 10 Giorni\"}]},{\"@type\":\"WebSite\",\"@id\":\"https:\/\/www.touaregtrails.com\/#website\",\"url\":\"https:\/\/www.touaregtrails.com\/\",\"name\":\"Touareg Trails\",\"description\":\"\",\"potentialAction\":[{\"@type\":\"SearchAction\",\"target\":{\"@type\":\"EntryPoint\",\"urlTemplate\":\"https:\/\/www.touaregtrails.com\/?s={search_term_string}\"},\"query-input\":{\"@type\":\"PropertyValueSpecification\",\"valueRequired\":true,\"valueName\":\"search_term_string\"}}],\"inLanguage\":\"it-IT\"}]}<\/script>\n<!-- \/ Yoast SEO Premium plugin. -->","yoast_head_json":{"title":"Tour nel Deserto da Casablanca \u2013 10 Giorni - Touareg Trails","robots":{"index":"index","follow":"follow","max-snippet":"max-snippet:-1","max-image-preview":"max-image-preview:large","max-video-preview":"max-video-preview:-1"},"canonical":"https:\/\/www.touaregtrails.com\/it\/prodotto\/tour-nel-deserto-da-casablanca-10-giorni\/","og_locale":"it_IT","og_type":"article","og_title":"Tour nel Deserto da Casablanca \u2013 10 Giorni","og_description":"Parti per un'avventura di 10 giorni da Casablanca, alla scoperta degli splendidi deserti, delle antiche citt\u00e0 e della vivace cultura del Marocco. Goditi escursioni in cammello, accampamenti nel deserto e paesaggi indimenticabili lungo il percorso.","og_url":"https:\/\/www.touaregtrails.com\/it\/prodotto\/tour-nel-deserto-da-casablanca-10-giorni\/","og_site_name":"Touareg Trails","article_modified_time":"2025-06-26T22:15:10+00:00","og_image":[{"width":2400,"height":1350,"url":"https:\/\/www.touaregtrails.com\/wp-content\/uploads\/2025\/01\/5-2.webp","type":"image\/webp"}],"twitter_card":"summary_large_image","twitter_misc":{"Tempo di lettura stimato":"3 minuti"},"schema":{"@context":"https:\/\/schema.org","@graph":[{"@type":"WebPage","@id":"https:\/\/www.touaregtrails.com\/it\/prodotto\/tour-nel-deserto-da-casablanca-10-giorni\/","url":"https:\/\/www.touaregtrails.com\/it\/prodotto\/tour-nel-deserto-da-casablanca-10-giorni\/","name":"Tour nel Deserto da Casablanca \u2013 10 Giorni - Touareg Trails","isPartOf":{"@id":"https:\/\/www.touaregtrails.com\/#website"},"primaryImageOfPage":{"@id":"https:\/\/www.touaregtrails.com\/it\/prodotto\/tour-nel-deserto-da-casablanca-10-giorni\/#primaryimage"},"image":{"@id":"https:\/\/www.touaregtrails.com\/it\/prodotto\/tour-nel-deserto-da-casablanca-10-giorni\/#primaryimage"},"thumbnailUrl":"https:\/\/www.touaregtrails.com\/wp-content\/uploads\/2025\/01\/5-2.webp","datePublished":"2025-01-10T18:13:23+00:00","dateModified":"2025-06-26T22:15:10+00:00","breadcrumb":{"@id":"https:\/\/www.touaregtrails.com\/it\/prodotto\/tour-nel-deserto-da-casablanca-10-giorni\/#breadcrumb"},"inLanguage":"it-IT","potentialAction":[{"@type":"ReadAction","target":["https:\/\/www.touaregtrails.com\/it\/prodotto\/tour-nel-deserto-da-casablanca-10-giorni\/"]}]},{"@type":"ImageObject","inLanguage":"it-IT","@id":"https:\/\/www.touaregtrails.com\/it\/prodotto\/tour-nel-deserto-da-casablanca-10-giorni\/#primaryimage","url":"https:\/\/www.touaregtrails.com\/wp-content\/uploads\/2025\/01\/5-2.webp","contentUrl":"https:\/\/www.touaregtrails.com\/wp-content\/uploads\/2025\/01\/5-2.webp","width":2400,"height":1350},{"@type":"BreadcrumbList","@id":"https:\/\/www.touaregtrails.com\/it\/prodotto\/tour-nel-deserto-da-casablanca-10-giorni\/#breadcrumb","itemListElement":[{"@type":"ListItem","position":1,"name":"Home","item":"https:\/\/www.touaregtrails.com\/it\/touareg-trails\/"},{"@type":"ListItem","position":2,"name":"Shop","item":"https:\/\/www.touaregtrails.com\/en\/shop\/"},{"@type":"ListItem","position":3,"name":"Tour nel Deserto da Casablanca \u2013 10 Giorni"}]},{"@type":"WebSite","@id":"https:\/\/www.touaregtrails.com\/#website","url":"https:\/\/www.touaregtrails.com\/","name":"Touareg Trails","description":"","potentialAction":[{"@type":"SearchAction","target":{"@type":"EntryPoint","urlTemplate":"https:\/\/www.touaregtrails.com\/?s={search_term_string}"},"query-input":{"@type":"PropertyValueSpecification","valueRequired":true,"valueName":"search_term_string"}}],"inLanguage":"it-IT"}]}},"_links":{"self":[{"href":"https:\/\/www.touaregtrails.com\/it\/wp-json\/wp\/v2\/product\/12551","targetHints":{"allow":["GET"]}}],"collection":[{"href":"https:\/\/www.touaregtrails.com\/it\/wp-json\/wp\/v2\/product"}],"about":[{"href":"https:\/\/www.touaregtrails.com\/it\/wp-json\/wp\/v2\/types\/product"}],"replies":[{"embeddable":true,"href":"https:\/\/www.touaregtrails.com\/it\/wp-json\/wp\/v2\/comments?post=12551"}],"version-history":[{"count":2,"href":"https:\/\/www.touaregtrails.com\/it\/wp-json\/wp\/v2\/product\/12551\/revisions"}],"predecessor-version":[{"id":12561,"href":"https:\/\/www.touaregtrails.com\/it\/wp-json\/wp\/v2\/product\/12551\/revisions\/12561"}],"wp:featuredmedia":[{"embeddable":true,"href":"https:\/\/www.touaregtrails.com\/it\/wp-json\/wp\/v2\/media\/12556"}],"wp:attachment":[{"href":"https:\/\/www.touaregtrails.com\/it\/wp-json\/wp\/v2\/media?parent=12551"}],"wp:term":[{"taxonomy":"product_brand","embeddable":true,"href":"https:\/\/www.touaregtrails.com\/it\/wp-json\/wp\/v2\/product_brand?post=12551"},{"taxonomy":"product_cat","embeddable":true,"href":"https:\/\/www.touaregtrails.com\/it\/wp-json\/wp\/v2\/product_cat?post=12551"},{"taxonomy":"product_tag","embeddable":true,"href":"https:\/\/www.touaregtrails.com\/it\/wp-json\/wp\/v2\/product_tag?post=12551"}],"curies":[{"name":"wp","href":"https:\/\/api.w.org\/{rel}","templated":true}]}}