{"id":12539,"date":"2025-01-10T18:52:00","date_gmt":"2025-01-10T18:52:00","guid":{"rendered":"https:\/\/www.touaregtrails.com\/product\/13-days-grand-tour-from-casablanca-north-south-east-and-west\/"},"modified":"2025-06-26T22:37:19","modified_gmt":"2025-06-26T22:37:19","slug":"gran-tour-di-13-giorni-da-casablanca-nord-sud-est-e-ovest","status":"publish","type":"product","link":"https:\/\/www.touaregtrails.com\/it\/prodotto\/gran-tour-di-13-giorni-da-casablanca-nord-sud-est-e-ovest\/","title":{"rendered":"Gran Tour di 13 Giorni da Casablanca: Nord, Sud, Est e Ovest"},"content":{"rendered":"<h2>Panoramica<\/h2>\n<p>Il nostro tour di 13 giorni da Casablanca vi porter\u00e0 in diverse localit\u00e0 del Marocco, offrendovi uno sguardo approfondito sul Paese. Inizierete con le citt\u00e0 imperiali prima di attraversare le montagne dell&#8217;Alto Atlante e il deserto del Sahara per raggiungere la costa occidentale del regno. Attraverserete la regione dello zafferano e la costa fino a Essaouira, nota per l&#8217;arte e l&#8217;artigianato.<\/p>\n<p>Godetevi un viaggio epico pieno di attivit\u00e0 uniche come tour a piedi, trekking in cammello, incontri con la gente del posto, intrattenimento e molto altro.<\/p>\n<h2>I punti salienti del tour di 13 giorni da Casablanca:<\/h2>\n<ul>\n<li>Visitate la Moschea di Hassan 2 a Casablanca.<\/li>\n<li>Visitate la Torre Hassan di Rabat.<\/li>\n<li>Esplorate la vecchia Medina di Fes.<\/li>\n<li>Incontrare le scimmie di Barberia nella foresta di cedri di Azrou.<\/li>\n<li>Vista panoramica delle dune dell&#8217;Erg Chebbi.<\/li>\n<li>Godetevi il tramonto sulle dune di sabbia.<\/li>\n<li>Esperienza di un giro in cammello nel Sahara di Merzouga.<\/li>\n<li>Campeggio al Merzouga Desert Camp per la notte.<\/li>\n<li>Cena abbondante e festa al fuoco (tamburi berberi).<\/li>\n<li>Scoprire la Valle delle Rose e le Gole del Dades.<\/li>\n<li>Visita all&#8217;Atlas Studio e alla Kasbah Taourirt di Ouarzazate.<\/li>\n<li>Panorami mozzafiato dei paesaggi della catena montuosa dell&#8217;Atlante.<\/li>\n<\/ul>\n<h2>Maggiori informazioni sul nostro tour di 13 giorni con base a Casablanca:<\/h2>\n<ul>\n<li>Su richiesta, sono disponibili opzioni vegetariane.<\/li>\n<li>Le escursioni in quad o a Marrakech possono essere incluse come extra.<\/li>\n<li>Invece di cavalcare un cammello, \u00e8 possibile raggiungere il campo nel deserto in auto.<\/li>\n<li>I bambini devono essere accompagnati da un adulto.<\/li>\n<li>Potete semplicemente chiedere al vostro autista se desiderate saltare alcune attrazioni e trascorrere pi\u00f9 tempo altrove.<\/li>\n<\/ul>\n<h2>Nota:<\/h2>\n<p>Se desiderate modificare qualcosa di questo viaggio, comunicateci le vostre idee e i vostri programmi di viaggio e noi elaboreremo un programma simile o alternativo che soddisfi le vostre esigenze. Per ulteriori informazioni, non esitate a contattarci.<\/p>\n<h2>Assicurazione di viaggio:<\/h2>\n<p>A rischio di sembrare come i tuoi genitori, acquista un\u2019assicurazione di viaggio prima di partire. \u00c8 una di quelle cose di cui non puoi fare a meno. A seconda del tuo stile di viaggio, ti consigliamo <a href=\"https:\/\/www.worldnomads.com\/\"> <strong>World Nomads<\/strong><\/a> O <a href=\"https:\/\/safetywing.com\/\"><strong>Safety Wing<\/strong><\/a>.<\/p>\n<p>Prima di partire per un viaggio, il cliente dovrebbe stipulare un\u2019assicurazione personale con un assicuratore affidabile che copra lesioni personali, spese mediche, spese di rimpatrio, smarrimento del bagaglio e penali per l\u2019annullamento del viaggio.<\/p>\n<h2>Deposito e pagamento:<\/h2>\n<p>Per prenotare il tuo tour di 4 giorni nel deserto, richiediamo un acconto tramite PayPal o bonifico bancario, con il saldo da versare in contanti al tuo arrivo. Siamo completamente flessibili nell\u2019organizzare il tuo viaggio personalizzato in base alle tue preferenze di viaggio e al tuo budget.<\/p>\n<h3>Contanti o carte di credito:<\/h3>\n<p>Accettiamo contanti in euro (\u20ac), sterline ( \u00a3), dollari statunitensi ($) o dirham locali (MAD) per il saldo del viaggio di tre giorni nel deserto. Ti consigliamo di pagare in contanti alla tua guida il primo giorno del tour. Se non vuoi portare con te molti contanti, ti proponiamo di pagare con carta di credito o Mastercard, ma \u00e8 prevista una commissione del 6%.<\/p>\n<h2>Politica di cancellazione:<\/h2>\n<p>Potete cancellare gratuitamente il vostro tour di tre giorni se ci avvisate una settimana prima dell&#8217;inizio del tour. \u00c8 sufficiente comunicarci la cancellazione via e-mail per ottenere un rimborso completo. Inoltre, se desiderate rimandare il vostro viaggio a una data successiva.<\/p>\n","protected":false},"excerpt":{"rendered":"<p>Partite per un viaggio completo di 13 giorni da Casablanca, alla scoperta delle diverse regioni del Marocco. Dalla costa settentrionale al deserto meridionale, dalle montagne orientali alle citt\u00e0 occidentali, scoprite la ricchezza della cultura, della storia e dei paesaggi che caratterizzano questo affascinante Paese.<\/p>\n","protected":false},"featured_media":12548,"comment_status":"open","ping_status":"closed","template":"","meta":[],"product_brand":[],"product_cat":[99,94],"product_tag":[],"class_list":{"0":"post-12539","1":"product","2":"type-product","3":"status-publish","4":"has-post-thumbnail","6":"product_cat-casablanca-2-it","7":"product_cat-family-vacation-2-it","9":"first","10":"instock","11":"featured","12":"shipping-taxable","13":"product-type-ovabrw_car_rental"},"yoast_head":"<!-- This site is optimized with the Yoast SEO Premium plugin v24.0 (Yoast SEO v25.9) - https:\/\/yoast.com\/wordpress\/plugins\/seo\/ -->\n<title>Gran Tour di 13 Giorni da Casablanca: Nord, Sud, Est e Ovest - Touareg Trails<\/title>\n<meta name=\"robots\" content=\"index, follow, max-snippet:-1, max-image-preview:large, max-video-preview:-1\" \/>\n<link rel=\"canonical\" href=\"https:\/\/www.touaregtrails.com\/it\/prodotto\/gran-tour-di-13-giorni-da-casablanca-nord-sud-est-e-ovest\/\" \/>\n<meta property=\"og:locale\" content=\"it_IT\" \/>\n<meta property=\"og:type\" content=\"article\" \/>\n<meta property=\"og:title\" content=\"Gran Tour di 13 Giorni da Casablanca: Nord, Sud, Est e Ovest\" \/>\n<meta property=\"og:description\" content=\"Partite per un viaggio completo di 13 giorni da Casablanca, alla scoperta delle diverse regioni del Marocco. Dalla costa settentrionale al deserto meridionale, dalle montagne orientali alle citt\u00e0 occidentali, scoprite la ricchezza della cultura, della storia e dei paesaggi che caratterizzano questo affascinante Paese.\" \/>\n<meta property=\"og:url\" content=\"https:\/\/www.touaregtrails.com\/it\/prodotto\/gran-tour-di-13-giorni-da-casablanca-nord-sud-est-e-ovest\/\" \/>\n<meta property=\"og:site_name\" content=\"Touareg Trails\" \/>\n<meta property=\"article:modified_time\" content=\"2025-06-26T22:37:19+00:00\" \/>\n<meta property=\"og:image\" content=\"https:\/\/www.touaregtrails.com\/wp-content\/uploads\/2025\/01\/9.webp\" \/>\n\t<meta property=\"og:image:width\" content=\"2400\" \/>\n\t<meta property=\"og:image:height\" content=\"1350\" \/>\n\t<meta property=\"og:image:type\" content=\"image\/webp\" \/>\n<meta name=\"twitter:card\" content=\"summary_large_image\" \/>\n<meta name=\"twitter:label1\" content=\"Tempo di lettura stimato\" \/>\n\t<meta name=\"twitter:data1\" content=\"3 minuti\" \/>\n<script type=\"application\/ld+json\" class=\"yoast-schema-graph\">{\"@context\":\"https:\/\/schema.org\",\"@graph\":[{\"@type\":\"WebPage\",\"@id\":\"https:\/\/www.touaregtrails.com\/it\/prodotto\/gran-tour-di-13-giorni-da-casablanca-nord-sud-est-e-ovest\/\",\"url\":\"https:\/\/www.touaregtrails.com\/it\/prodotto\/gran-tour-di-13-giorni-da-casablanca-nord-sud-est-e-ovest\/\",\"name\":\"Gran Tour di 13 Giorni da Casablanca: Nord, Sud, Est e Ovest - Touareg Trails\",\"isPartOf\":{\"@id\":\"https:\/\/www.touaregtrails.com\/#website\"},\"primaryImageOfPage\":{\"@id\":\"https:\/\/www.touaregtrails.com\/it\/prodotto\/gran-tour-di-13-giorni-da-casablanca-nord-sud-est-e-ovest\/#primaryimage\"},\"image\":{\"@id\":\"https:\/\/www.touaregtrails.com\/it\/prodotto\/gran-tour-di-13-giorni-da-casablanca-nord-sud-est-e-ovest\/#primaryimage\"},\"thumbnailUrl\":\"https:\/\/www.touaregtrails.com\/wp-content\/uploads\/2025\/01\/9.webp\",\"datePublished\":\"2025-01-10T18:52:00+00:00\",\"dateModified\":\"2025-06-26T22:37:19+00:00\",\"breadcrumb\":{\"@id\":\"https:\/\/www.touaregtrails.com\/it\/prodotto\/gran-tour-di-13-giorni-da-casablanca-nord-sud-est-e-ovest\/#breadcrumb\"},\"inLanguage\":\"it-IT\",\"potentialAction\":[{\"@type\":\"ReadAction\",\"target\":[\"https:\/\/www.touaregtrails.com\/it\/prodotto\/gran-tour-di-13-giorni-da-casablanca-nord-sud-est-e-ovest\/\"]}]},{\"@type\":\"ImageObject\",\"inLanguage\":\"it-IT\",\"@id\":\"https:\/\/www.touaregtrails.com\/it\/prodotto\/gran-tour-di-13-giorni-da-casablanca-nord-sud-est-e-ovest\/#primaryimage\",\"url\":\"https:\/\/www.touaregtrails.com\/wp-content\/uploads\/2025\/01\/9.webp\",\"contentUrl\":\"https:\/\/www.touaregtrails.com\/wp-content\/uploads\/2025\/01\/9.webp\",\"width\":2400,\"height\":1350},{\"@type\":\"BreadcrumbList\",\"@id\":\"https:\/\/www.touaregtrails.com\/it\/prodotto\/gran-tour-di-13-giorni-da-casablanca-nord-sud-est-e-ovest\/#breadcrumb\",\"itemListElement\":[{\"@type\":\"ListItem\",\"position\":1,\"name\":\"Home\",\"item\":\"https:\/\/www.touaregtrails.com\/it\/touareg-trails\/\"},{\"@type\":\"ListItem\",\"position\":2,\"name\":\"Shop\",\"item\":\"https:\/\/www.touaregtrails.com\/en\/shop\/\"},{\"@type\":\"ListItem\",\"position\":3,\"name\":\"Gran Tour di 13 Giorni da Casablanca: Nord, Sud, Est e Ovest\"}]},{\"@type\":\"WebSite\",\"@id\":\"https:\/\/www.touaregtrails.com\/#website\",\"url\":\"https:\/\/www.touaregtrails.com\/\",\"name\":\"Touareg Trails\",\"description\":\"\",\"potentialAction\":[{\"@type\":\"SearchAction\",\"target\":{\"@type\":\"EntryPoint\",\"urlTemplate\":\"https:\/\/www.touaregtrails.com\/?s={search_term_string}\"},\"query-input\":{\"@type\":\"PropertyValueSpecification\",\"valueRequired\":true,\"valueName\":\"search_term_string\"}}],\"inLanguage\":\"it-IT\"}]}<\/script>\n<!-- \/ Yoast SEO Premium plugin. -->","yoast_head_json":{"title":"Gran Tour di 13 Giorni da Casablanca: Nord, Sud, Est e Ovest - Touareg Trails","robots":{"index":"index","follow":"follow","max-snippet":"max-snippet:-1","max-image-preview":"max-image-preview:large","max-video-preview":"max-video-preview:-1"},"canonical":"https:\/\/www.touaregtrails.com\/it\/prodotto\/gran-tour-di-13-giorni-da-casablanca-nord-sud-est-e-ovest\/","og_locale":"it_IT","og_type":"article","og_title":"Gran Tour di 13 Giorni da Casablanca: Nord, Sud, Est e Ovest","og_description":"Partite per un viaggio completo di 13 giorni da Casablanca, alla scoperta delle diverse regioni del Marocco. Dalla costa settentrionale al deserto meridionale, dalle montagne orientali alle citt\u00e0 occidentali, scoprite la ricchezza della cultura, della storia e dei paesaggi che caratterizzano questo affascinante Paese.","og_url":"https:\/\/www.touaregtrails.com\/it\/prodotto\/gran-tour-di-13-giorni-da-casablanca-nord-sud-est-e-ovest\/","og_site_name":"Touareg Trails","article_modified_time":"2025-06-26T22:37:19+00:00","og_image":[{"width":2400,"height":1350,"url":"https:\/\/www.touaregtrails.com\/wp-content\/uploads\/2025\/01\/9.webp","type":"image\/webp"}],"twitter_card":"summary_large_image","twitter_misc":{"Tempo di lettura stimato":"3 minuti"},"schema":{"@context":"https:\/\/schema.org","@graph":[{"@type":"WebPage","@id":"https:\/\/www.touaregtrails.com\/it\/prodotto\/gran-tour-di-13-giorni-da-casablanca-nord-sud-est-e-ovest\/","url":"https:\/\/www.touaregtrails.com\/it\/prodotto\/gran-tour-di-13-giorni-da-casablanca-nord-sud-est-e-ovest\/","name":"Gran Tour di 13 Giorni da Casablanca: Nord, Sud, Est e Ovest - Touareg Trails","isPartOf":{"@id":"https:\/\/www.touaregtrails.com\/#website"},"primaryImageOfPage":{"@id":"https:\/\/www.touaregtrails.com\/it\/prodotto\/gran-tour-di-13-giorni-da-casablanca-nord-sud-est-e-ovest\/#primaryimage"},"image":{"@id":"https:\/\/www.touaregtrails.com\/it\/prodotto\/gran-tour-di-13-giorni-da-casablanca-nord-sud-est-e-ovest\/#primaryimage"},"thumbnailUrl":"https:\/\/www.touaregtrails.com\/wp-content\/uploads\/2025\/01\/9.webp","datePublished":"2025-01-10T18:52:00+00:00","dateModified":"2025-06-26T22:37:19+00:00","breadcrumb":{"@id":"https:\/\/www.touaregtrails.com\/it\/prodotto\/gran-tour-di-13-giorni-da-casablanca-nord-sud-est-e-ovest\/#breadcrumb"},"inLanguage":"it-IT","potentialAction":[{"@type":"ReadAction","target":["https:\/\/www.touaregtrails.com\/it\/prodotto\/gran-tour-di-13-giorni-da-casablanca-nord-sud-est-e-ovest\/"]}]},{"@type":"ImageObject","inLanguage":"it-IT","@id":"https:\/\/www.touaregtrails.com\/it\/prodotto\/gran-tour-di-13-giorni-da-casablanca-nord-sud-est-e-ovest\/#primaryimage","url":"https:\/\/www.touaregtrails.com\/wp-content\/uploads\/2025\/01\/9.webp","contentUrl":"https:\/\/www.touaregtrails.com\/wp-content\/uploads\/2025\/01\/9.webp","width":2400,"height":1350},{"@type":"BreadcrumbList","@id":"https:\/\/www.touaregtrails.com\/it\/prodotto\/gran-tour-di-13-giorni-da-casablanca-nord-sud-est-e-ovest\/#breadcrumb","itemListElement":[{"@type":"ListItem","position":1,"name":"Home","item":"https:\/\/www.touaregtrails.com\/it\/touareg-trails\/"},{"@type":"ListItem","position":2,"name":"Shop","item":"https:\/\/www.touaregtrails.com\/en\/shop\/"},{"@type":"ListItem","position":3,"name":"Gran Tour di 13 Giorni da Casablanca: Nord, Sud, Est e Ovest"}]},{"@type":"WebSite","@id":"https:\/\/www.touaregtrails.com\/#website","url":"https:\/\/www.touaregtrails.com\/","name":"Touareg Trails","description":"","potentialAction":[{"@type":"SearchAction","target":{"@type":"EntryPoint","urlTemplate":"https:\/\/www.touaregtrails.com\/?s={search_term_string}"},"query-input":{"@type":"PropertyValueSpecification","valueRequired":true,"valueName":"search_term_string"}}],"inLanguage":"it-IT"}]}},"_links":{"self":[{"href":"https:\/\/www.touaregtrails.com\/it\/wp-json\/wp\/v2\/product\/12539","targetHints":{"allow":["GET"]}}],"collection":[{"href":"https:\/\/www.touaregtrails.com\/it\/wp-json\/wp\/v2\/product"}],"about":[{"href":"https:\/\/www.touaregtrails.com\/it\/wp-json\/wp\/v2\/types\/product"}],"replies":[{"embeddable":true,"href":"https:\/\/www.touaregtrails.com\/it\/wp-json\/wp\/v2\/comments?post=12539"}],"version-history":[{"count":2,"href":"https:\/\/www.touaregtrails.com\/it\/wp-json\/wp\/v2\/product\/12539\/revisions"}],"predecessor-version":[{"id":12550,"href":"https:\/\/www.touaregtrails.com\/it\/wp-json\/wp\/v2\/product\/12539\/revisions\/12550"}],"wp:featuredmedia":[{"embeddable":true,"href":"https:\/\/www.touaregtrails.com\/it\/wp-json\/wp\/v2\/media\/12548"}],"wp:attachment":[{"href":"https:\/\/www.touaregtrails.com\/it\/wp-json\/wp\/v2\/media?parent=12539"}],"wp:term":[{"taxonomy":"product_brand","embeddable":true,"href":"https:\/\/www.touaregtrails.com\/it\/wp-json\/wp\/v2\/product_brand?post=12539"},{"taxonomy":"product_cat","embeddable":true,"href":"https:\/\/www.touaregtrails.com\/it\/wp-json\/wp\/v2\/product_cat?post=12539"},{"taxonomy":"product_tag","embeddable":true,"href":"https:\/\/www.touaregtrails.com\/it\/wp-json\/wp\/v2\/product_tag?post=12539"}],"curies":[{"name":"wp","href":"https:\/\/api.w.org\/{rel}","templated":true}]}}