{"id":12513,"date":"2025-01-10T20:11:20","date_gmt":"2025-01-10T20:11:20","guid":{"rendered":"https:\/\/www.touaregtrails.com\/product\/4-days-private-tour-from-fes-to-marrakech\/"},"modified":"2025-06-26T22:05:37","modified_gmt":"2025-06-26T22:05:37","slug":"tour-privato-di-4-giorni-da-fes-a-marrakech","status":"publish","type":"product","link":"https:\/\/www.touaregtrails.com\/it\/prodotto\/tour-privato-di-4-giorni-da-fes-a-marrakech\/","title":{"rendered":"Tour Privato di 4 Giorni da Fes a Marrakech"},"content":{"rendered":"<h2>Panoramica<\/h2>\n<p>Scoprite il meglio del Marocco con questo tour di 4 giorni nel deserto da Fes a Marrakech, che vi porter\u00e0 a scoprire le citt\u00e0 imperiali di Fes e il deserto. Esplorerete le citt\u00e0 di mattoni di fango delle comunit\u00e0 del deserto, cavalcherete un cammello sulle sabbie mutevoli del Sahara e attraverserete le alte cime rocciose delle montagne dell&#8217;Atlante. Passeggerete anche tra i sentieri acciottolati delle Medine medievali.<\/p>\n<h2>I punti salienti di un tour nel deserto di 4 giorni da Fes a Marrakech:<\/h2>\n<ul>\n<li>Passeggiate per le confuse strade medievali di Fes.<\/li>\n<li>Scoprite le montagne del Medio Atlante.<\/li>\n<li>Visitate la Kasbah Taourirt e gli Atlas Studios a Ouarzazate.<\/li>\n<li>Vedute panoramiche delle dune dell&#8217;Erg Chebbi.<\/li>\n<li>Le escursioni a dorso di cammello nel Sahara di Merzouga sono un&#8217;esperienza indimenticabile.<\/li>\n<li>Godetevi il tramonto sulle dune della spiaggia.<\/li>\n<li>Campeggio al Merzouga Desert Camp per la notte.<\/li>\n<li>Una cena abbondante e una festa al fuoco (tamburi berberi).<\/li>\n<li>Trascorrere la notte nel cuore delle gole mozzafiato del Dades.<\/li>\n<\/ul>\n<h2>Informazioni aggiuntive sul nostro tour del deserto di 4 giorni da Fes a Marrakech:<\/h2>\n<ul>\n<li>Questo tour offre opzioni alimentari vegetariane, vegane e halal su richiesta.<\/li>\n<li>Le escursioni in quad o a Marrakech possono essere incluse come extra.<\/li>\n<li>Invece di cavalcare un cammello, \u00e8 possibile raggiungere il campo nel deserto in auto.<\/li>\n<li>I bambini devono essere accompagnati da un adulto.<\/li>\n<li>Potete semplicemente chiedere al vostro autista se desiderate saltare alcune attrazioni e trascorrere pi\u00f9 tempo altrove.<\/li>\n<\/ul>\n<h2>Nota:<\/h2>\n<p>Se desiderate modificare qualcosa di questo viaggio, comunicateci le vostre idee e i vostri programmi di viaggio e noi elaboreremo un programma simile o alternativo che soddisfi le vostre esigenze. Per ulteriori informazioni, non esitate a contattarci.<\/p>\n<h2>Assicurazione di viaggio:<\/h2>\n<p>A rischio di sembrare come i tuoi genitori, acquista un\u2019assicurazione di viaggio prima di partire. \u00c8 una di quelle cose di cui non puoi fare a meno. A seconda del tuo stile di viaggio, ti consigliamo \u00a0<a href=\"https:\/\/www.worldnomads.com\/\"> <strong>World Nomads<\/strong><\/a> Or <a href=\"https:\/\/safetywing.com\/\"> <strong>Safety Wing<\/strong><\/a>.<\/p>\n<p>Prima di partire per un viaggio, il cliente dovrebbe stipulare un\u2019assicurazione personale con un assicuratore affidabile che copra lesioni personali, spese mediche, spese di rimpatrio, smarrimento del bagaglio e penali per l\u2019annullamento del viaggio.<\/p>\n<h2>Deposito e pagamento:<\/h2>\n<p>Per prenotare il vostro tour di 4 giorni nel deserto, vi chiediamo di versare un acconto tramite PayPal o bonifico bancario, mentre il resto sar\u00e0 pagato in contanti al vostro arrivo. Siamo completamente flessibili nell&#8217;organizzare il vostro viaggio personalizzato in base alle vostre preferenze di viaggio e al vostro budget.<\/p>\n<h3>Contanti o carte di credito:<\/h3>\n<p>Accettiamo contanti in euro (\u20ac), sterline (\u00a3), dollari USA ($) o Dirham locali (MAD) per il saldo del viaggio nel deserto di tre giorni. Si consiglia di pagare in contanti alla guida il primo giorno del tour. Se non si vuole andare con molti contanti, proponiamo di pagare con carta di credito o mastercard, ma c&#8217;\u00e8 una tassa del 6%.<\/p>\n<h2>Politica di cancellazione:<\/h2>\n<p>Potete cancellare gratuitamente il vostro tour di tre giorni se ci avvisate una settimana prima dell&#8217;inizio del tour. \u00c8 sufficiente comunicarci la cancellazione via e-mail per ottenere un rimborso completo. Inoltre, se desiderate rimandare il vostro viaggio a una data successiva.<\/p>\n","protected":false},"excerpt":{"rendered":"<p>Godetevi un tour personalizzato di 4 giorni da Fes a Marrakech, esplorando i siti storici, le citt\u00e0 vivaci e i paesaggi mozzafiato del Marocco. Fate un giro in cammello, visitate i campi nel deserto e scoprite la ricca cultura del Paese lungo il percorso.<\/p>\n","protected":false},"featured_media":12516,"comment_status":"open","ping_status":"closed","template":"","meta":[],"product_brand":[],"product_cat":[98],"product_tag":[],"class_list":{"0":"post-12513","1":"product","2":"type-product","3":"status-publish","4":"has-post-thumbnail","6":"product_cat-fes-2-it","8":"first","9":"instock","10":"shipping-taxable","11":"product-type-ovabrw_car_rental"},"yoast_head":"<!-- This site is optimized with the Yoast SEO Premium plugin v24.0 (Yoast SEO v27.4) - https:\/\/yoast.com\/product\/yoast-seo-premium-wordpress\/ -->\n<title>Tour Privato di 4 Giorni da Fes a Marrakech - Touareg Trails<\/title>\n<meta name=\"robots\" content=\"index, follow, max-snippet:-1, max-image-preview:large, max-video-preview:-1\" \/>\n<link rel=\"canonical\" href=\"https:\/\/www.touaregtrails.com\/it\/prodotto\/tour-privato-di-4-giorni-da-fes-a-marrakech\/\" \/>\n<meta property=\"og:locale\" content=\"it_IT\" \/>\n<meta property=\"og:type\" content=\"article\" \/>\n<meta property=\"og:title\" content=\"Tour Privato di 4 Giorni da Fes a Marrakech\" \/>\n<meta property=\"og:description\" content=\"Godetevi un tour personalizzato di 4 giorni da Fes a Marrakech, esplorando i siti storici, le citt\u00e0 vivaci e i paesaggi mozzafiato del Marocco. Fate un giro in cammello, visitate i campi nel deserto e scoprite la ricca cultura del Paese lungo il percorso.\" \/>\n<meta property=\"og:url\" content=\"https:\/\/www.touaregtrails.com\/it\/prodotto\/tour-privato-di-4-giorni-da-fes-a-marrakech\/\" \/>\n<meta property=\"og:site_name\" content=\"Touareg Trails\" \/>\n<meta property=\"article:modified_time\" content=\"2025-06-26T22:05:37+00:00\" \/>\n<meta property=\"og:image\" content=\"https:\/\/www.touaregtrails.com\/wp-content\/uploads\/2025\/01\/3-5.webp\" \/>\n\t<meta property=\"og:image:width\" content=\"2400\" \/>\n\t<meta property=\"og:image:height\" content=\"1350\" \/>\n\t<meta property=\"og:image:type\" content=\"image\/webp\" \/>\n<meta name=\"twitter:card\" content=\"summary_large_image\" \/>\n<meta name=\"twitter:label1\" content=\"Tempo di lettura stimato\" \/>\n\t<meta name=\"twitter:data1\" content=\"3 minuti\" \/>\n<script type=\"application\/ld+json\" class=\"yoast-schema-graph\">{\"@context\":\"https:\\\/\\\/schema.org\",\"@graph\":[{\"@type\":\"WebPage\",\"@id\":\"https:\\\/\\\/www.touaregtrails.com\\\/it\\\/prodotto\\\/tour-privato-di-4-giorni-da-fes-a-marrakech\\\/\",\"url\":\"https:\\\/\\\/www.touaregtrails.com\\\/it\\\/prodotto\\\/tour-privato-di-4-giorni-da-fes-a-marrakech\\\/\",\"name\":\"Tour Privato di 4 Giorni da Fes a Marrakech - Touareg Trails\",\"isPartOf\":{\"@id\":\"https:\\\/\\\/www.touaregtrails.com\\\/#website\"},\"primaryImageOfPage\":{\"@id\":\"https:\\\/\\\/www.touaregtrails.com\\\/it\\\/prodotto\\\/tour-privato-di-4-giorni-da-fes-a-marrakech\\\/#primaryimage\"},\"image\":{\"@id\":\"https:\\\/\\\/www.touaregtrails.com\\\/it\\\/prodotto\\\/tour-privato-di-4-giorni-da-fes-a-marrakech\\\/#primaryimage\"},\"thumbnailUrl\":\"https:\\\/\\\/www.touaregtrails.com\\\/wp-content\\\/uploads\\\/2025\\\/01\\\/3-5.webp\",\"datePublished\":\"2025-01-10T20:11:20+00:00\",\"dateModified\":\"2025-06-26T22:05:37+00:00\",\"breadcrumb\":{\"@id\":\"https:\\\/\\\/www.touaregtrails.com\\\/it\\\/prodotto\\\/tour-privato-di-4-giorni-da-fes-a-marrakech\\\/#breadcrumb\"},\"inLanguage\":\"it-IT\",\"potentialAction\":[{\"@type\":\"ReadAction\",\"target\":[\"https:\\\/\\\/www.touaregtrails.com\\\/it\\\/prodotto\\\/tour-privato-di-4-giorni-da-fes-a-marrakech\\\/\"]}]},{\"@type\":\"ImageObject\",\"inLanguage\":\"it-IT\",\"@id\":\"https:\\\/\\\/www.touaregtrails.com\\\/it\\\/prodotto\\\/tour-privato-di-4-giorni-da-fes-a-marrakech\\\/#primaryimage\",\"url\":\"https:\\\/\\\/www.touaregtrails.com\\\/wp-content\\\/uploads\\\/2025\\\/01\\\/3-5.webp\",\"contentUrl\":\"https:\\\/\\\/www.touaregtrails.com\\\/wp-content\\\/uploads\\\/2025\\\/01\\\/3-5.webp\",\"width\":2400,\"height\":1350},{\"@type\":\"BreadcrumbList\",\"@id\":\"https:\\\/\\\/www.touaregtrails.com\\\/it\\\/prodotto\\\/tour-privato-di-4-giorni-da-fes-a-marrakech\\\/#breadcrumb\",\"itemListElement\":[{\"@type\":\"ListItem\",\"position\":1,\"name\":\"Home\",\"item\":\"https:\\\/\\\/www.touaregtrails.com\\\/it\\\/touareg-trails\\\/\"},{\"@type\":\"ListItem\",\"position\":2,\"name\":\"Shop\",\"item\":\"https:\\\/\\\/www.touaregtrails.com\\\/en\\\/shop\\\/\"},{\"@type\":\"ListItem\",\"position\":3,\"name\":\"Tour Privato di 4 Giorni da Fes a Marrakech\"}]},{\"@type\":\"WebSite\",\"@id\":\"https:\\\/\\\/www.touaregtrails.com\\\/#website\",\"url\":\"https:\\\/\\\/www.touaregtrails.com\\\/\",\"name\":\"Touareg Trails\",\"description\":\"\",\"potentialAction\":[{\"@type\":\"SearchAction\",\"target\":{\"@type\":\"EntryPoint\",\"urlTemplate\":\"https:\\\/\\\/www.touaregtrails.com\\\/?s={search_term_string}\"},\"query-input\":{\"@type\":\"PropertyValueSpecification\",\"valueRequired\":true,\"valueName\":\"search_term_string\"}}],\"inLanguage\":\"it-IT\"}]}<\/script>\n<!-- \/ Yoast SEO Premium plugin. -->","yoast_head_json":{"title":"Tour Privato di 4 Giorni da Fes a Marrakech - Touareg Trails","robots":{"index":"index","follow":"follow","max-snippet":"max-snippet:-1","max-image-preview":"max-image-preview:large","max-video-preview":"max-video-preview:-1"},"canonical":"https:\/\/www.touaregtrails.com\/it\/prodotto\/tour-privato-di-4-giorni-da-fes-a-marrakech\/","og_locale":"it_IT","og_type":"article","og_title":"Tour Privato di 4 Giorni da Fes a Marrakech","og_description":"Godetevi un tour personalizzato di 4 giorni da Fes a Marrakech, esplorando i siti storici, le citt\u00e0 vivaci e i paesaggi mozzafiato del Marocco. Fate un giro in cammello, visitate i campi nel deserto e scoprite la ricca cultura del Paese lungo il percorso.","og_url":"https:\/\/www.touaregtrails.com\/it\/prodotto\/tour-privato-di-4-giorni-da-fes-a-marrakech\/","og_site_name":"Touareg Trails","article_modified_time":"2025-06-26T22:05:37+00:00","og_image":[{"width":2400,"height":1350,"url":"https:\/\/www.touaregtrails.com\/wp-content\/uploads\/2025\/01\/3-5.webp","type":"image\/webp"}],"twitter_card":"summary_large_image","twitter_misc":{"Tempo di lettura stimato":"3 minuti"},"schema":{"@context":"https:\/\/schema.org","@graph":[{"@type":"WebPage","@id":"https:\/\/www.touaregtrails.com\/it\/prodotto\/tour-privato-di-4-giorni-da-fes-a-marrakech\/","url":"https:\/\/www.touaregtrails.com\/it\/prodotto\/tour-privato-di-4-giorni-da-fes-a-marrakech\/","name":"Tour Privato di 4 Giorni da Fes a Marrakech - Touareg Trails","isPartOf":{"@id":"https:\/\/www.touaregtrails.com\/#website"},"primaryImageOfPage":{"@id":"https:\/\/www.touaregtrails.com\/it\/prodotto\/tour-privato-di-4-giorni-da-fes-a-marrakech\/#primaryimage"},"image":{"@id":"https:\/\/www.touaregtrails.com\/it\/prodotto\/tour-privato-di-4-giorni-da-fes-a-marrakech\/#primaryimage"},"thumbnailUrl":"https:\/\/www.touaregtrails.com\/wp-content\/uploads\/2025\/01\/3-5.webp","datePublished":"2025-01-10T20:11:20+00:00","dateModified":"2025-06-26T22:05:37+00:00","breadcrumb":{"@id":"https:\/\/www.touaregtrails.com\/it\/prodotto\/tour-privato-di-4-giorni-da-fes-a-marrakech\/#breadcrumb"},"inLanguage":"it-IT","potentialAction":[{"@type":"ReadAction","target":["https:\/\/www.touaregtrails.com\/it\/prodotto\/tour-privato-di-4-giorni-da-fes-a-marrakech\/"]}]},{"@type":"ImageObject","inLanguage":"it-IT","@id":"https:\/\/www.touaregtrails.com\/it\/prodotto\/tour-privato-di-4-giorni-da-fes-a-marrakech\/#primaryimage","url":"https:\/\/www.touaregtrails.com\/wp-content\/uploads\/2025\/01\/3-5.webp","contentUrl":"https:\/\/www.touaregtrails.com\/wp-content\/uploads\/2025\/01\/3-5.webp","width":2400,"height":1350},{"@type":"BreadcrumbList","@id":"https:\/\/www.touaregtrails.com\/it\/prodotto\/tour-privato-di-4-giorni-da-fes-a-marrakech\/#breadcrumb","itemListElement":[{"@type":"ListItem","position":1,"name":"Home","item":"https:\/\/www.touaregtrails.com\/it\/touareg-trails\/"},{"@type":"ListItem","position":2,"name":"Shop","item":"https:\/\/www.touaregtrails.com\/en\/shop\/"},{"@type":"ListItem","position":3,"name":"Tour Privato di 4 Giorni da Fes a Marrakech"}]},{"@type":"WebSite","@id":"https:\/\/www.touaregtrails.com\/#website","url":"https:\/\/www.touaregtrails.com\/","name":"Touareg Trails","description":"","potentialAction":[{"@type":"SearchAction","target":{"@type":"EntryPoint","urlTemplate":"https:\/\/www.touaregtrails.com\/?s={search_term_string}"},"query-input":{"@type":"PropertyValueSpecification","valueRequired":true,"valueName":"search_term_string"}}],"inLanguage":"it-IT"}]}},"_links":{"self":[{"href":"https:\/\/www.touaregtrails.com\/it\/wp-json\/wp\/v2\/product\/12513","targetHints":{"allow":["GET"]}}],"collection":[{"href":"https:\/\/www.touaregtrails.com\/it\/wp-json\/wp\/v2\/product"}],"about":[{"href":"https:\/\/www.touaregtrails.com\/it\/wp-json\/wp\/v2\/types\/product"}],"replies":[{"embeddable":true,"href":"https:\/\/www.touaregtrails.com\/it\/wp-json\/wp\/v2\/comments?post=12513"}],"version-history":[{"count":2,"href":"https:\/\/www.touaregtrails.com\/it\/wp-json\/wp\/v2\/product\/12513\/revisions"}],"predecessor-version":[{"id":12525,"href":"https:\/\/www.touaregtrails.com\/it\/wp-json\/wp\/v2\/product\/12513\/revisions\/12525"}],"wp:featuredmedia":[{"embeddable":true,"href":"https:\/\/www.touaregtrails.com\/it\/wp-json\/wp\/v2\/media\/12516"}],"wp:attachment":[{"href":"https:\/\/www.touaregtrails.com\/it\/wp-json\/wp\/v2\/media?parent=12513"}],"wp:term":[{"taxonomy":"product_brand","embeddable":true,"href":"https:\/\/www.touaregtrails.com\/it\/wp-json\/wp\/v2\/product_brand?post=12513"},{"taxonomy":"product_cat","embeddable":true,"href":"https:\/\/www.touaregtrails.com\/it\/wp-json\/wp\/v2\/product_cat?post=12513"},{"taxonomy":"product_tag","embeddable":true,"href":"https:\/\/www.touaregtrails.com\/it\/wp-json\/wp\/v2\/product_tag?post=12513"}],"curies":[{"name":"wp","href":"https:\/\/api.w.org\/{rel}","templated":true}]}}