{"id":12416,"date":"2025-01-11T13:44:19","date_gmt":"2025-01-11T13:44:19","guid":{"rendered":"https:\/\/www.touaregtrails.com\/product\/morocco-grand-desert-tour-from-tangier-16-days\/"},"modified":"2025-06-26T21:50:05","modified_gmt":"2025-06-26T21:50:05","slug":"gran-tour-del-deserto-da-tangeri-16-giorni","status":"publish","type":"product","link":"https:\/\/www.touaregtrails.com\/it\/prodotto\/gran-tour-del-deserto-da-tangeri-16-giorni\/","title":{"rendered":"Gran Tour del Deserto da Tangeri \u2013 16 Giorni"},"content":{"rendered":"<h2>Panoramica<\/h2>\n<p>Mentre viaggiate attraverso questo territorio insolito e affascinante, ammirate i monumenti tradizionali e storici grazie a una combinazione unica di incontri con guide locali esperte. Visitando siti storici e luoghi rinomati come Tangeri, Fes, Marrakech, il deserto del Sahara ed Essaouira, imparerete a conoscere la storia e la cultura antica del Paese.<\/p>\n","protected":false},"excerpt":{"rendered":"<p>Unitevi a noi in un grandioso tour di 16 giorni nel deserto con partenza da Tangeri, alla scoperta dei migliori paesaggi e della cultura del Marocco. Dalle vivaci citt\u00e0 al vasto deserto del Sahara, godetevi le passeggiate in cammello, esplorate le antiche kasbah e scoprite il ricco patrimonio del Marocco lungo il percorso.<\/p>\n<p>Questo tour nel deserto si distingue dai tipici tour del Marocco perch\u00e9 copre l&#8217;intero paese, mostrando montagne mozzafiato, valli, laghi, citt\u00e0 storiche e notevoli trib\u00f9 berbere come gli Ait Haddou a Telouet e gli Ait Bougmez nelle montagne del Grande Atlante. Queste trib\u00f9 conservano in modo unico le tradizionali case di fango, a differenza di altre che sono passate al cemento. Aggiungere giorni nel nord pu\u00f2 arricchire la vostra esperienza, consentendovi di scegliere tra un tour semplice o un tour grandioso del Marocco. Il nostro tour flessibile del Grande Deserto Meridionale pu\u00f2 adattarsi alle vostre preferenze. Indipendentemente dalla vostra scelta, vi aspetta un&#8217;immersione indimenticabile nella cultura marocchina, con servizi che includono trasferimenti aeroportuali e collegamenti con la Spagna. Questo tour privato \u00e8 adatto a singoli o piccoli gruppi e offre sistemazioni come le kasbah, in armonia con l&#8217;architettura locale, diverse dagli hotel urbani.<\/p>\n","protected":false},"featured_media":12417,"comment_status":"open","ping_status":"closed","template":"","meta":[],"product_brand":[],"product_cat":[94,95],"product_tag":[],"class_list":{"0":"post-12416","1":"product","2":"type-product","3":"status-publish","4":"has-post-thumbnail","6":"product_cat-family-vacation-2-it","7":"product_cat-tangier-2-it","9":"first","10":"instock","11":"featured","12":"shipping-taxable","13":"product-type-ovabrw_car_rental"},"yoast_head":"<!-- This site is optimized with the Yoast SEO Premium plugin v24.0 (Yoast SEO v25.9) - https:\/\/yoast.com\/wordpress\/plugins\/seo\/ -->\n<title>Morocco Grand Desert Tour From Tangier - 16 Days<\/title>\n<meta name=\"robots\" content=\"index, follow, max-snippet:-1, max-image-preview:large, max-video-preview:-1\" \/>\n<link rel=\"canonical\" href=\"https:\/\/www.touaregtrails.com\/it\/prodotto\/gran-tour-del-deserto-da-tangeri-16-giorni\/\" \/>\n<meta property=\"og:locale\" content=\"it_IT\" \/>\n<meta property=\"og:type\" content=\"article\" \/>\n<meta property=\"og:title\" content=\"Gran Tour del Deserto da Tangeri \u2013 16 Giorni\" \/>\n<meta property=\"og:description\" content=\"Unitevi a noi in un grandioso tour di 16 giorni nel deserto con partenza da Tangeri, alla scoperta dei migliori paesaggi e della cultura del Marocco. Dalle vivaci citt\u00e0 al vasto deserto del Sahara, godetevi le passeggiate in cammello, esplorate le antiche kasbah e scoprite il ricco patrimonio del Marocco lungo il percorso.  Questo tour nel deserto si distingue dai tipici tour del Marocco perch\u00e9 copre l&#039;intero paese, mostrando montagne mozzafiato, valli, laghi, citt\u00e0 storiche e notevoli trib\u00f9 berbere come gli Ait Haddou a Telouet e gli Ait Bougmez nelle montagne del Grande Atlante. Queste trib\u00f9 conservano in modo unico le tradizionali case di fango, a differenza di altre che sono passate al cemento. Aggiungere giorni nel nord pu\u00f2 arricchire la vostra esperienza, consentendovi di scegliere tra un tour semplice o un tour grandioso del Marocco. Il nostro tour flessibile del Grande Deserto Meridionale pu\u00f2 adattarsi alle vostre preferenze. Indipendentemente dalla vostra scelta, vi aspetta un&#039;immersione indimenticabile nella cultura marocchina, con servizi che includono trasferimenti aeroportuali e collegamenti con la Spagna. Questo tour privato \u00e8 adatto a singoli o piccoli gruppi e offre sistemazioni come le kasbah, in armonia con l&#039;architettura locale, diverse dagli hotel urbani.\" \/>\n<meta property=\"og:url\" content=\"https:\/\/www.touaregtrails.com\/it\/prodotto\/gran-tour-del-deserto-da-tangeri-16-giorni\/\" \/>\n<meta property=\"og:site_name\" content=\"Touareg Trails\" \/>\n<meta property=\"article:modified_time\" content=\"2025-06-26T21:50:05+00:00\" \/>\n<meta property=\"og:image\" content=\"https:\/\/www.touaregtrails.com\/wp-content\/uploads\/2025\/01\/1-8.webp\" \/>\n\t<meta property=\"og:image:width\" content=\"2400\" \/>\n\t<meta property=\"og:image:height\" content=\"1350\" \/>\n\t<meta property=\"og:image:type\" content=\"image\/webp\" \/>\n<meta name=\"twitter:card\" content=\"summary_large_image\" \/>\n<meta name=\"twitter:label1\" content=\"Tempo di lettura stimato\" \/>\n\t<meta name=\"twitter:data1\" content=\"1 minuto\" \/>\n<script type=\"application\/ld+json\" class=\"yoast-schema-graph\">{\"@context\":\"https:\/\/schema.org\",\"@graph\":[{\"@type\":\"WebPage\",\"@id\":\"https:\/\/www.touaregtrails.com\/it\/prodotto\/gran-tour-del-deserto-da-tangeri-16-giorni\/\",\"url\":\"https:\/\/www.touaregtrails.com\/it\/prodotto\/gran-tour-del-deserto-da-tangeri-16-giorni\/\",\"name\":\"Morocco Grand Desert Tour From Tangier - 16 Days\",\"isPartOf\":{\"@id\":\"https:\/\/www.touaregtrails.com\/#website\"},\"primaryImageOfPage\":{\"@id\":\"https:\/\/www.touaregtrails.com\/it\/prodotto\/gran-tour-del-deserto-da-tangeri-16-giorni\/#primaryimage\"},\"image\":{\"@id\":\"https:\/\/www.touaregtrails.com\/it\/prodotto\/gran-tour-del-deserto-da-tangeri-16-giorni\/#primaryimage\"},\"thumbnailUrl\":\"https:\/\/www.touaregtrails.com\/wp-content\/uploads\/2025\/01\/1-8.webp\",\"datePublished\":\"2025-01-11T13:44:19+00:00\",\"dateModified\":\"2025-06-26T21:50:05+00:00\",\"breadcrumb\":{\"@id\":\"https:\/\/www.touaregtrails.com\/it\/prodotto\/gran-tour-del-deserto-da-tangeri-16-giorni\/#breadcrumb\"},\"inLanguage\":\"it-IT\",\"potentialAction\":[{\"@type\":\"ReadAction\",\"target\":[\"https:\/\/www.touaregtrails.com\/it\/prodotto\/gran-tour-del-deserto-da-tangeri-16-giorni\/\"]}]},{\"@type\":\"ImageObject\",\"inLanguage\":\"it-IT\",\"@id\":\"https:\/\/www.touaregtrails.com\/it\/prodotto\/gran-tour-del-deserto-da-tangeri-16-giorni\/#primaryimage\",\"url\":\"https:\/\/www.touaregtrails.com\/wp-content\/uploads\/2025\/01\/1-8.webp\",\"contentUrl\":\"https:\/\/www.touaregtrails.com\/wp-content\/uploads\/2025\/01\/1-8.webp\",\"width\":2400,\"height\":1350},{\"@type\":\"BreadcrumbList\",\"@id\":\"https:\/\/www.touaregtrails.com\/it\/prodotto\/gran-tour-del-deserto-da-tangeri-16-giorni\/#breadcrumb\",\"itemListElement\":[{\"@type\":\"ListItem\",\"position\":1,\"name\":\"Home\",\"item\":\"https:\/\/www.touaregtrails.com\/it\/touareg-trails\/\"},{\"@type\":\"ListItem\",\"position\":2,\"name\":\"Shop\",\"item\":\"https:\/\/www.touaregtrails.com\/en\/shop\/\"},{\"@type\":\"ListItem\",\"position\":3,\"name\":\"Gran Tour del Deserto da Tangeri \u2013 16 Giorni\"}]},{\"@type\":\"WebSite\",\"@id\":\"https:\/\/www.touaregtrails.com\/#website\",\"url\":\"https:\/\/www.touaregtrails.com\/\",\"name\":\"Touareg Trails\",\"description\":\"\",\"potentialAction\":[{\"@type\":\"SearchAction\",\"target\":{\"@type\":\"EntryPoint\",\"urlTemplate\":\"https:\/\/www.touaregtrails.com\/?s={search_term_string}\"},\"query-input\":{\"@type\":\"PropertyValueSpecification\",\"valueRequired\":true,\"valueName\":\"search_term_string\"}}],\"inLanguage\":\"it-IT\"}]}<\/script>\n<!-- \/ Yoast SEO Premium plugin. -->","yoast_head_json":{"title":"Morocco Grand Desert Tour From Tangier - 16 Days","robots":{"index":"index","follow":"follow","max-snippet":"max-snippet:-1","max-image-preview":"max-image-preview:large","max-video-preview":"max-video-preview:-1"},"canonical":"https:\/\/www.touaregtrails.com\/it\/prodotto\/gran-tour-del-deserto-da-tangeri-16-giorni\/","og_locale":"it_IT","og_type":"article","og_title":"Gran Tour del Deserto da Tangeri \u2013 16 Giorni","og_description":"Unitevi a noi in un grandioso tour di 16 giorni nel deserto con partenza da Tangeri, alla scoperta dei migliori paesaggi e della cultura del Marocco. Dalle vivaci citt\u00e0 al vasto deserto del Sahara, godetevi le passeggiate in cammello, esplorate le antiche kasbah e scoprite il ricco patrimonio del Marocco lungo il percorso.  Questo tour nel deserto si distingue dai tipici tour del Marocco perch\u00e9 copre l'intero paese, mostrando montagne mozzafiato, valli, laghi, citt\u00e0 storiche e notevoli trib\u00f9 berbere come gli Ait Haddou a Telouet e gli Ait Bougmez nelle montagne del Grande Atlante. Queste trib\u00f9 conservano in modo unico le tradizionali case di fango, a differenza di altre che sono passate al cemento. Aggiungere giorni nel nord pu\u00f2 arricchire la vostra esperienza, consentendovi di scegliere tra un tour semplice o un tour grandioso del Marocco. Il nostro tour flessibile del Grande Deserto Meridionale pu\u00f2 adattarsi alle vostre preferenze. Indipendentemente dalla vostra scelta, vi aspetta un'immersione indimenticabile nella cultura marocchina, con servizi che includono trasferimenti aeroportuali e collegamenti con la Spagna. Questo tour privato \u00e8 adatto a singoli o piccoli gruppi e offre sistemazioni come le kasbah, in armonia con l'architettura locale, diverse dagli hotel urbani.","og_url":"https:\/\/www.touaregtrails.com\/it\/prodotto\/gran-tour-del-deserto-da-tangeri-16-giorni\/","og_site_name":"Touareg Trails","article_modified_time":"2025-06-26T21:50:05+00:00","og_image":[{"width":2400,"height":1350,"url":"https:\/\/www.touaregtrails.com\/wp-content\/uploads\/2025\/01\/1-8.webp","type":"image\/webp"}],"twitter_card":"summary_large_image","twitter_misc":{"Tempo di lettura stimato":"1 minuto"},"schema":{"@context":"https:\/\/schema.org","@graph":[{"@type":"WebPage","@id":"https:\/\/www.touaregtrails.com\/it\/prodotto\/gran-tour-del-deserto-da-tangeri-16-giorni\/","url":"https:\/\/www.touaregtrails.com\/it\/prodotto\/gran-tour-del-deserto-da-tangeri-16-giorni\/","name":"Morocco Grand Desert Tour From Tangier - 16 Days","isPartOf":{"@id":"https:\/\/www.touaregtrails.com\/#website"},"primaryImageOfPage":{"@id":"https:\/\/www.touaregtrails.com\/it\/prodotto\/gran-tour-del-deserto-da-tangeri-16-giorni\/#primaryimage"},"image":{"@id":"https:\/\/www.touaregtrails.com\/it\/prodotto\/gran-tour-del-deserto-da-tangeri-16-giorni\/#primaryimage"},"thumbnailUrl":"https:\/\/www.touaregtrails.com\/wp-content\/uploads\/2025\/01\/1-8.webp","datePublished":"2025-01-11T13:44:19+00:00","dateModified":"2025-06-26T21:50:05+00:00","breadcrumb":{"@id":"https:\/\/www.touaregtrails.com\/it\/prodotto\/gran-tour-del-deserto-da-tangeri-16-giorni\/#breadcrumb"},"inLanguage":"it-IT","potentialAction":[{"@type":"ReadAction","target":["https:\/\/www.touaregtrails.com\/it\/prodotto\/gran-tour-del-deserto-da-tangeri-16-giorni\/"]}]},{"@type":"ImageObject","inLanguage":"it-IT","@id":"https:\/\/www.touaregtrails.com\/it\/prodotto\/gran-tour-del-deserto-da-tangeri-16-giorni\/#primaryimage","url":"https:\/\/www.touaregtrails.com\/wp-content\/uploads\/2025\/01\/1-8.webp","contentUrl":"https:\/\/www.touaregtrails.com\/wp-content\/uploads\/2025\/01\/1-8.webp","width":2400,"height":1350},{"@type":"BreadcrumbList","@id":"https:\/\/www.touaregtrails.com\/it\/prodotto\/gran-tour-del-deserto-da-tangeri-16-giorni\/#breadcrumb","itemListElement":[{"@type":"ListItem","position":1,"name":"Home","item":"https:\/\/www.touaregtrails.com\/it\/touareg-trails\/"},{"@type":"ListItem","position":2,"name":"Shop","item":"https:\/\/www.touaregtrails.com\/en\/shop\/"},{"@type":"ListItem","position":3,"name":"Gran Tour del Deserto da Tangeri \u2013 16 Giorni"}]},{"@type":"WebSite","@id":"https:\/\/www.touaregtrails.com\/#website","url":"https:\/\/www.touaregtrails.com\/","name":"Touareg Trails","description":"","potentialAction":[{"@type":"SearchAction","target":{"@type":"EntryPoint","urlTemplate":"https:\/\/www.touaregtrails.com\/?s={search_term_string}"},"query-input":{"@type":"PropertyValueSpecification","valueRequired":true,"valueName":"search_term_string"}}],"inLanguage":"it-IT"}]}},"_links":{"self":[{"href":"https:\/\/www.touaregtrails.com\/it\/wp-json\/wp\/v2\/product\/12416","targetHints":{"allow":["GET"]}}],"collection":[{"href":"https:\/\/www.touaregtrails.com\/it\/wp-json\/wp\/v2\/product"}],"about":[{"href":"https:\/\/www.touaregtrails.com\/it\/wp-json\/wp\/v2\/types\/product"}],"replies":[{"embeddable":true,"href":"https:\/\/www.touaregtrails.com\/it\/wp-json\/wp\/v2\/comments?post=12416"}],"version-history":[{"count":2,"href":"https:\/\/www.touaregtrails.com\/it\/wp-json\/wp\/v2\/product\/12416\/revisions"}],"predecessor-version":[{"id":12429,"href":"https:\/\/www.touaregtrails.com\/it\/wp-json\/wp\/v2\/product\/12416\/revisions\/12429"}],"wp:featuredmedia":[{"embeddable":true,"href":"https:\/\/www.touaregtrails.com\/it\/wp-json\/wp\/v2\/media\/12417"}],"wp:attachment":[{"href":"https:\/\/www.touaregtrails.com\/it\/wp-json\/wp\/v2\/media?parent=12416"}],"wp:term":[{"taxonomy":"product_brand","embeddable":true,"href":"https:\/\/www.touaregtrails.com\/it\/wp-json\/wp\/v2\/product_brand?post=12416"},{"taxonomy":"product_cat","embeddable":true,"href":"https:\/\/www.touaregtrails.com\/it\/wp-json\/wp\/v2\/product_cat?post=12416"},{"taxonomy":"product_tag","embeddable":true,"href":"https:\/\/www.touaregtrails.com\/it\/wp-json\/wp\/v2\/product_tag?post=12416"}],"curies":[{"name":"wp","href":"https:\/\/api.w.org\/{rel}","templated":true}]}}