{"id":13073,"date":"2025-01-13T14:35:04","date_gmt":"2025-01-13T14:35:04","guid":{"rendered":"https:\/\/www.touaregtrails.com\/terms-and-conditions\/"},"modified":"2025-06-14T11:11:47","modified_gmt":"2025-06-14T11:11:47","slug":"termini-e-condizioni","status":"publish","type":"page","link":"https:\/\/www.touaregtrails.com\/it\/termini-e-condizioni\/","title":{"rendered":"Termini e Condizioni"},"content":{"rendered":"\t\t<div data-elementor-type=\"wp-page\" data-elementor-id=\"13073\" class=\"elementor elementor-13073 elementor-10569\" data-elementor-post-type=\"page\">\n\t\t\t\t<div class=\"elementor-element elementor-element-5644a6d e-flex e-con-boxed e-con e-parent\" data-id=\"5644a6d\" data-element_type=\"container\">\n\t\t\t\t\t<div class=\"e-con-inner\">\n\t\t\t\t<div class=\"elementor-element elementor-element-62e8e75 elementor-widget elementor-widget-text-editor\" data-id=\"62e8e75\" data-element_type=\"widget\" data-widget_type=\"text-editor.default\">\n\t\t\t\t<div class=\"elementor-widget-container\">\n\t\t\t\t\t\t\t\t\t<p>Una volta effettuata la prenotazione per un viaggio con Touareg Trails (indicata come &#8220;noi&#8221; o &#8220;ci&#8221; in questi termini), accetti di accettare i presenti termini e condizioni per te stesso e per tutti gli altri utenti dei nostri prodotti o servizi a seguito di questo tipo di prenotazione.<\/p>\t\t\t\t\t\t\t\t<\/div>\n\t\t\t\t<\/div>\n\t\t\t\t\t<\/div>\n\t\t\t\t<\/div>\n\t\t<div class=\"elementor-element elementor-element-1764b5d e-flex e-con-boxed e-con e-parent\" data-id=\"1764b5d\" data-element_type=\"container\">\n\t\t\t\t\t<div class=\"e-con-inner\">\n\t\t\t\t<div class=\"elementor-element elementor-element-8409443 elementor-widget elementor-widget-heading\" data-id=\"8409443\" data-element_type=\"widget\" data-widget_type=\"heading.default\">\n\t\t\t\t<div class=\"elementor-widget-container\">\n\t\t\t\t\t<h3 class=\"elementor-heading-title elementor-size-default\">Prenotazioni \/ Prenotazioni<\/h3>\t\t\t\t<\/div>\n\t\t\t\t<\/div>\n\t\t\t\t<div class=\"elementor-element elementor-element-2cd1ab4 elementor-widget elementor-widget-text-editor\" data-id=\"2cd1ab4\" data-element_type=\"widget\" data-widget_type=\"text-editor.default\">\n\t\t\t\t<div class=\"elementor-widget-container\">\n\t\t\t\t\t\t\t\t\t<p>Per conto tuo e di chiunque altro utilizzi i nostri servizi a seguito di una prenotazione da te effettuata, accetti tutti questi termini e condizioni effettuando una prenotazione del tour con Touareg Trails.<\/p>\t\t\t\t\t\t\t\t<\/div>\n\t\t\t\t<\/div>\n\t\t\t\t\t<\/div>\n\t\t\t\t<\/div>\n\t\t<div class=\"elementor-element elementor-element-065080a e-flex e-con-boxed e-con e-parent\" data-id=\"065080a\" data-element_type=\"container\">\n\t\t\t\t\t<div class=\"e-con-inner\">\n\t\t\t\t<div class=\"elementor-element elementor-element-6ccfa42 elementor-widget elementor-widget-heading\" data-id=\"6ccfa42\" data-element_type=\"widget\" data-widget_type=\"heading.default\">\n\t\t\t\t<div class=\"elementor-widget-container\">\n\t\t\t\t\t<h3 class=\"elementor-heading-title elementor-size-default\">Processi di pagamento e prenotazione<\/h3>\t\t\t\t<\/div>\n\t\t\t\t<\/div>\n\t\t\t\t<div class=\"elementor-element elementor-element-480b4a4 elementor-widget elementor-widget-text-editor\" data-id=\"480b4a4\" data-element_type=\"widget\" data-widget_type=\"text-editor.default\">\n\t\t\t\t<div class=\"elementor-widget-container\">\n\t\t\t\t\t\t\t\t\t<p>Un itinerario dettagliato e una fattura con le informazioni di pagamento saranno inviati non appena accetterete il prezzo e il piano di viaggio forniti. La prenotazione sar\u00e0 confermata una volta ricevuto un acconto del 20%.<\/p>\t\t\t\t\t\t\t\t<\/div>\n\t\t\t\t<\/div>\n\t\t\t\t\t<\/div>\n\t\t\t\t<\/div>\n\t\t<div class=\"elementor-element elementor-element-3506997 e-flex e-con-boxed e-con e-parent\" data-id=\"3506997\" data-element_type=\"container\">\n\t\t\t\t\t<div class=\"e-con-inner\">\n\t\t\t\t<div class=\"elementor-element elementor-element-6eb3633 elementor-widget elementor-widget-heading\" data-id=\"6eb3633\" data-element_type=\"widget\" data-widget_type=\"heading.default\">\n\t\t\t\t<div class=\"elementor-widget-container\">\n\t\t\t\t\t<h3 class=\"elementor-heading-title elementor-size-default\">Modifiche alla prenotazione<\/h3>\t\t\t\t<\/div>\n\t\t\t\t<\/div>\n\t\t\t\t<div class=\"elementor-element elementor-element-cac64f2 elementor-widget elementor-widget-text-editor\" data-id=\"cac64f2\" data-element_type=\"widget\" data-widget_type=\"text-editor.default\">\n\t\t\t\t<div class=\"elementor-widget-container\">\n\t\t\t\t\t\t\t\t\t<p>Faremo tutto il possibile per modificare la tua prenotazione senza costi aggiuntivi, se necessario. Tuttavia, se viaggi entro 10 giorni dall&#8217;inizio della vacanza, potrebbe non essere possibile apportare modifiche.<\/p><p>Se hai bisogno di modifiche, ti preghiamo di contattarci immediatamente e di inviarci un&#8217;e-mail con la tua richiesta. Ancora una volta, faremo tutto il possibile per soddisfare le tue esigenze ed evitare costi aggiuntivi, ma non possiamo garantirlo.<\/p><p>Puoi proseguire con la vacanza precedentemente programmata o annullare e pagare i costi di cancellazione come indicato, nel caso in cui le modifiche alla prenotazione effettuata non possano essere apportate.<\/p>\t\t\t\t\t\t\t\t<\/div>\n\t\t\t\t<\/div>\n\t\t\t\t\t<\/div>\n\t\t\t\t<\/div>\n\t\t<div class=\"elementor-element elementor-element-7885410 e-flex e-con-boxed e-con e-parent\" data-id=\"7885410\" data-element_type=\"container\">\n\t\t\t\t\t<div class=\"e-con-inner\">\n\t\t\t\t<div class=\"elementor-element elementor-element-b974fb1 elementor-widget elementor-widget-heading\" data-id=\"b974fb1\" data-element_type=\"widget\" data-widget_type=\"heading.default\">\n\t\t\t\t<div class=\"elementor-widget-container\">\n\t\t\t\t\t<h3 class=\"elementor-heading-title elementor-size-default\">Politica e linee guida di cancellazione<\/h3>\t\t\t\t<\/div>\n\t\t\t\t<\/div>\n\t\t\t\t<div class=\"elementor-element elementor-element-4728f8e elementor-widget elementor-widget-text-editor\" data-id=\"4728f8e\" data-element_type=\"widget\" data-widget_type=\"text-editor.default\">\n\t\t\t\t<div class=\"elementor-widget-container\">\n\t\t\t\t\t\t\t\t\t<p>Se dovete annullare il vostro viaggio in Marocco, vi preghiamo di comunicarcelo il prima possibile. L&#8217;importo della penale di cancellazione dipender\u00e0 dal numero di giorni in cui riceveremo la vostra richiesta di cancellazione scritta prima della data di partenza.<\/p><ul><li>Disdetta oltre i 25 giorni: verr\u00e0 restituito solo l&#8217;acconto versato.<\/li><li>Cancellazione con meno di 25 giorni di anticipo: nessun rimborso.<\/li><\/ul>\t\t\t\t\t\t\t\t<\/div>\n\t\t\t\t<\/div>\n\t\t\t\t\t<\/div>\n\t\t\t\t<\/div>\n\t\t<div class=\"elementor-element elementor-element-c6f22de e-flex e-con-boxed e-con e-parent\" data-id=\"c6f22de\" data-element_type=\"container\">\n\t\t\t\t\t<div class=\"e-con-inner\">\n\t\t\t\t<div class=\"elementor-element elementor-element-a401d62 elementor-widget elementor-widget-heading\" data-id=\"a401d62\" data-element_type=\"widget\" data-widget_type=\"heading.default\">\n\t\t\t\t<div class=\"elementor-widget-container\">\n\t\t\t\t\t<h3 class=\"elementor-heading-title elementor-size-default\">Informazioni e condizioni aggiuntive<\/h3>\t\t\t\t<\/div>\n\t\t\t\t<\/div>\n\t\t\t\t<div class=\"elementor-element elementor-element-9d193bf elementor-widget elementor-widget-text-editor\" data-id=\"9d193bf\" data-element_type=\"widget\" data-widget_type=\"text-editor.default\">\n\t\t\t\t<div class=\"elementor-widget-container\">\n\t\t\t\t\t\t\t\t\t<h4>Richieste personalizzate<\/h4><p>Al momento della prenotazione, vi preghiamo di comunicarci via e-mail eventuali esigenze particolari, come restrizioni dietetiche, problemi di salute, assistenza per sedia a rotelle o altro. Vi forniremo le informazioni necessarie per garantirvi una vacanza sicura e piacevole.<\/p><p>Prima di confermare l&#8217;itinerario, vi informeremo via e-mail di eventuali esigenze particolari che potremmo non essere in grado di soddisfare, se necessario.<\/p><h4>Assicurazione<\/h4><p>Non offriamo alcun tipo di assicurazione. Siete gli unici responsabili della stipula di un&#8217;adeguata assicurazione per la vacanza. In caso di malattia, cancellazione, bagaglio smarrito, ritardi o altre circostanze impreviste, vi consigliamo vivamente di stipulare un&#8217;assicurazione di viaggio.<\/p><h4>Il nostro dovere<\/h4><p>Se per qualsiasi motivo un aspetto del vostro programma di viaggio dovesse differire da quanto specificato al momento della prenotazione e non fosse di qualit\u00e0 adeguata, ce ne assumeremo la responsabilit\u00e0. Se non vi \u00e8 stata negligenza da parte nostra, effettueremo un pagamento ragionevole (fino a un massimo dell&#8217;importo che ci avete pagato per quella parte del programma di viaggio).<\/p><h4>Viaggio<\/h4><p>\u00c8 vostra responsabilit\u00e0 assicurarvi di avere tutta la documentazione di viaggio richiesta in condizioni valide. Prima di visitare il Paese, il passaporto deve avere una validit\u00e0 residua di almeno sei mesi.<\/p><h4>Riservatezza e Privacy<\/h4><p>Quando ci fornite le vostre informazioni private e riservate durante la procedura di prenotazione, ci assumiamo la piena responsabilit\u00e0 di garantire che siano adottate le opportune precauzioni di sicurezza per proteggerle.<\/p><p>Le prenotazioni di alloggi e altri servizi necessari per soddisfare le vostre esigenze di viaggio saranno effettuate utilizzando i dati da voi forniti.<\/p><p>Inoltre, informeremo i fornitori di eventuali restrizioni dietetiche, condizioni mediche o disabilit\u00e0 per garantirvi una vacanza sicura e piacevole. Queste informazioni saranno condivise solo con le parti necessarie e con la vostra autorizzazione al momento della prenotazione.<\/p>\t\t\t\t\t\t\t\t<\/div>\n\t\t\t\t<\/div>\n\t\t\t\t\t<\/div>\n\t\t\t\t<\/div>\n\t\t\t\t<\/div>\n\t\t","protected":false},"excerpt":{"rendered":"<p>Una volta effettuata la prenotazione per un viaggio con Touareg Trails (indicata come &#8220;noi&#8221; o &#8220;ci&#8221; in questi termini), accetti di accettare i presenti termini e condizioni per te stesso e per tutti gli altri utenti dei nostri prodotti o servizi a seguito di questo tipo di prenotazione. Prenotazioni \/ Prenotazioni Per conto tuo e [&hellip;]<\/p>\n","protected":false},"author":1,"featured_media":0,"parent":0,"menu_order":0,"comment_status":"closed","ping_status":"closed","template":"elementor_header_footer","meta":{"footnotes":""},"class_list":["post-13073","page","type-page","status-publish","hentry"],"yoast_head":"<!-- This site is optimized with the Yoast SEO Premium plugin v24.0 (Yoast SEO v25.9) - https:\/\/yoast.com\/wordpress\/plugins\/seo\/ -->\n<title>Termini e Condizioni - Touareg Trails<\/title>\n<meta name=\"robots\" content=\"index, follow, max-snippet:-1, max-image-preview:large, max-video-preview:-1\" \/>\n<link rel=\"canonical\" href=\"https:\/\/www.touaregtrails.com\/it\/termini-e-condizioni\/\" \/>\n<meta property=\"og:locale\" content=\"it_IT\" \/>\n<meta property=\"og:type\" content=\"article\" \/>\n<meta property=\"og:title\" content=\"Termini e Condizioni\" \/>\n<meta property=\"og:description\" content=\"Una volta effettuata la prenotazione per un viaggio con Touareg Trails (indicata come &#8220;noi&#8221; o &#8220;ci&#8221; in questi termini), accetti di accettare i presenti termini e condizioni per te stesso e per tutti gli altri utenti dei nostri prodotti o servizi a seguito di questo tipo di prenotazione. Prenotazioni \/ Prenotazioni Per conto tuo e [&hellip;]\" \/>\n<meta property=\"og:url\" content=\"https:\/\/www.touaregtrails.com\/it\/termini-e-condizioni\/\" \/>\n<meta property=\"og:site_name\" content=\"Touareg Trails\" \/>\n<meta property=\"article:modified_time\" content=\"2025-06-14T11:11:47+00:00\" \/>\n<meta name=\"twitter:card\" content=\"summary_large_image\" \/>\n<meta name=\"twitter:label1\" content=\"Tempo di lettura stimato\" \/>\n\t<meta name=\"twitter:data1\" content=\"4 minuti\" \/>\n<script type=\"application\/ld+json\" class=\"yoast-schema-graph\">{\"@context\":\"https:\/\/schema.org\",\"@graph\":[{\"@type\":\"WebPage\",\"@id\":\"https:\/\/www.touaregtrails.com\/it\/termini-e-condizioni\/\",\"url\":\"https:\/\/www.touaregtrails.com\/it\/termini-e-condizioni\/\",\"name\":\"Termini e Condizioni - Touareg Trails\",\"isPartOf\":{\"@id\":\"https:\/\/www.touaregtrails.com\/#website\"},\"datePublished\":\"2025-01-13T14:35:04+00:00\",\"dateModified\":\"2025-06-14T11:11:47+00:00\",\"breadcrumb\":{\"@id\":\"https:\/\/www.touaregtrails.com\/it\/termini-e-condizioni\/#breadcrumb\"},\"inLanguage\":\"it-IT\",\"potentialAction\":[{\"@type\":\"ReadAction\",\"target\":[\"https:\/\/www.touaregtrails.com\/it\/termini-e-condizioni\/\"]}]},{\"@type\":\"BreadcrumbList\",\"@id\":\"https:\/\/www.touaregtrails.com\/it\/termini-e-condizioni\/#breadcrumb\",\"itemListElement\":[{\"@type\":\"ListItem\",\"position\":1,\"name\":\"Home\",\"item\":\"https:\/\/www.touaregtrails.com\/it\/touareg-trails\/\"},{\"@type\":\"ListItem\",\"position\":2,\"name\":\"Termini e Condizioni\"}]},{\"@type\":\"WebSite\",\"@id\":\"https:\/\/www.touaregtrails.com\/#website\",\"url\":\"https:\/\/www.touaregtrails.com\/\",\"name\":\"Touareg Trails\",\"description\":\"\",\"potentialAction\":[{\"@type\":\"SearchAction\",\"target\":{\"@type\":\"EntryPoint\",\"urlTemplate\":\"https:\/\/www.touaregtrails.com\/?s={search_term_string}\"},\"query-input\":{\"@type\":\"PropertyValueSpecification\",\"valueRequired\":true,\"valueName\":\"search_term_string\"}}],\"inLanguage\":\"it-IT\"}]}<\/script>\n<!-- \/ Yoast SEO Premium plugin. -->","yoast_head_json":{"title":"Termini e Condizioni - Touareg Trails","robots":{"index":"index","follow":"follow","max-snippet":"max-snippet:-1","max-image-preview":"max-image-preview:large","max-video-preview":"max-video-preview:-1"},"canonical":"https:\/\/www.touaregtrails.com\/it\/termini-e-condizioni\/","og_locale":"it_IT","og_type":"article","og_title":"Termini e Condizioni","og_description":"Una volta effettuata la prenotazione per un viaggio con Touareg Trails (indicata come &#8220;noi&#8221; o &#8220;ci&#8221; in questi termini), accetti di accettare i presenti termini e condizioni per te stesso e per tutti gli altri utenti dei nostri prodotti o servizi a seguito di questo tipo di prenotazione. Prenotazioni \/ Prenotazioni Per conto tuo e [&hellip;]","og_url":"https:\/\/www.touaregtrails.com\/it\/termini-e-condizioni\/","og_site_name":"Touareg Trails","article_modified_time":"2025-06-14T11:11:47+00:00","twitter_card":"summary_large_image","twitter_misc":{"Tempo di lettura stimato":"4 minuti"},"schema":{"@context":"https:\/\/schema.org","@graph":[{"@type":"WebPage","@id":"https:\/\/www.touaregtrails.com\/it\/termini-e-condizioni\/","url":"https:\/\/www.touaregtrails.com\/it\/termini-e-condizioni\/","name":"Termini e Condizioni - Touareg Trails","isPartOf":{"@id":"https:\/\/www.touaregtrails.com\/#website"},"datePublished":"2025-01-13T14:35:04+00:00","dateModified":"2025-06-14T11:11:47+00:00","breadcrumb":{"@id":"https:\/\/www.touaregtrails.com\/it\/termini-e-condizioni\/#breadcrumb"},"inLanguage":"it-IT","potentialAction":[{"@type":"ReadAction","target":["https:\/\/www.touaregtrails.com\/it\/termini-e-condizioni\/"]}]},{"@type":"BreadcrumbList","@id":"https:\/\/www.touaregtrails.com\/it\/termini-e-condizioni\/#breadcrumb","itemListElement":[{"@type":"ListItem","position":1,"name":"Home","item":"https:\/\/www.touaregtrails.com\/it\/touareg-trails\/"},{"@type":"ListItem","position":2,"name":"Termini e Condizioni"}]},{"@type":"WebSite","@id":"https:\/\/www.touaregtrails.com\/#website","url":"https:\/\/www.touaregtrails.com\/","name":"Touareg Trails","description":"","potentialAction":[{"@type":"SearchAction","target":{"@type":"EntryPoint","urlTemplate":"https:\/\/www.touaregtrails.com\/?s={search_term_string}"},"query-input":{"@type":"PropertyValueSpecification","valueRequired":true,"valueName":"search_term_string"}}],"inLanguage":"it-IT"}]}},"_links":{"self":[{"href":"https:\/\/www.touaregtrails.com\/it\/wp-json\/wp\/v2\/pages\/13073","targetHints":{"allow":["GET"]}}],"collection":[{"href":"https:\/\/www.touaregtrails.com\/it\/wp-json\/wp\/v2\/pages"}],"about":[{"href":"https:\/\/www.touaregtrails.com\/it\/wp-json\/wp\/v2\/types\/page"}],"author":[{"embeddable":true,"href":"https:\/\/www.touaregtrails.com\/it\/wp-json\/wp\/v2\/users\/1"}],"replies":[{"embeddable":true,"href":"https:\/\/www.touaregtrails.com\/it\/wp-json\/wp\/v2\/comments?post=13073"}],"version-history":[{"count":19,"href":"https:\/\/www.touaregtrails.com\/it\/wp-json\/wp\/v2\/pages\/13073\/revisions"}],"predecessor-version":[{"id":13092,"href":"https:\/\/www.touaregtrails.com\/it\/wp-json\/wp\/v2\/pages\/13073\/revisions\/13092"}],"wp:attachment":[{"href":"https:\/\/www.touaregtrails.com\/it\/wp-json\/wp\/v2\/media?parent=13073"}],"curies":[{"name":"wp","href":"https:\/\/api.w.org\/{rel}","templated":true}]}}